{"id":9220,"date":"2025-02-18T12:35:19","date_gmt":"2025-02-18T11:35:19","guid":{"rendered":"https:\/\/baga-biga.eus\/produktua\/alas-cd\/"},"modified":"2025-04-18T15:39:58","modified_gmt":"2025-04-18T13:39:58","slug":"alas-cd","status":"publish","type":"product","link":"https:\/\/baga-biga.eus\/es\/producto\/alas-cd\/","title":{"rendered":"Alas CD"},"content":{"rendered":"<p>\u00a1Prepararos para el viaje! Un viaje interminable hacia el sol,  en el cual su calor servir\u00e1  de gu\u00eda para seguir el camino correcto. Como quien dice, Celsius32 acaba de abrir sus alas y est\u00e1n listos para emprender su primer vuelo interminable hacia el sol.  Quiz\u00e1s porque acaban de extender sus alas y porque vali\u00e9ndose del calor de sus seguidores quieren emprender este nuevo e infinito viaje,  han titulado al disco \u201cAlas\u201d. Nos encontramos ante el trabajo debut de Celsius32, un trabajo rockero que deja entrever ciertos toques de metal. Suena fuerte de verdad, \u00bfno? De todas formas, gracias a una voz mel\u00f3dica el grupo adquiere suavidad pese a lo fuerte que en un principio pueda parecer. En cuanto a las letras, podemos observar reflejado el d\u00eda a d\u00eda en ellas, situaciones en las que cualquiera nos podr\u00edamos encontrar y as\u00ed lo han querido reflejar los de Uribe Costa. Amor y desamor, denuncia, nostalgia, todo tiene cabida en este disco.<\/p>\n","protected":false},"excerpt":{"rendered":"<p>CD Alas de Celsius32<\/p>\n","protected":false},"featured_media":62291,"comment_status":"open","ping_status":"closed","template":"","meta":{"_acf_changed":false,"_et_pb_use_builder":"","_et_pb_old_content":"","_et_gb_content_width":""},"product_brand":[104],"product_cat":[225],"product_tag":[242],"class_list":{"0":"post-9220","1":"product","2":"type-product","3":"status-publish","4":"has-post-thumbnail","6":"product_brand-celsius32","7":"product_cat-cd-es","8":"product_tag-rock-es","10":"first","11":"instock","12":"sale","13":"taxable","14":"shipping-taxable","15":"purchasable","16":"product-type-simple"},"acf":[],"_links":{"self":[{"href":"https:\/\/baga-biga.eus\/es\/wp-json\/wp\/v2\/product\/9220","targetHints":{"allow":["GET"]}}],"collection":[{"href":"https:\/\/baga-biga.eus\/es\/wp-json\/wp\/v2\/product"}],"about":[{"href":"https:\/\/baga-biga.eus\/es\/wp-json\/wp\/v2\/types\/product"}],"replies":[{"embeddable":true,"href":"https:\/\/baga-biga.eus\/es\/wp-json\/wp\/v2\/comments?post=9220"}],"wp:featuredmedia":[{"embeddable":true,"href":"https:\/\/baga-biga.eus\/es\/wp-json\/wp\/v2\/media\/62291"}],"wp:attachment":[{"href":"https:\/\/baga-biga.eus\/es\/wp-json\/wp\/v2\/media?parent=9220"}],"wp:term":[{"taxonomy":"product_brand","embeddable":true,"href":"https:\/\/baga-biga.eus\/es\/wp-json\/wp\/v2\/product_brand?post=9220"},{"taxonomy":"product_cat","embeddable":true,"href":"https:\/\/baga-biga.eus\/es\/wp-json\/wp\/v2\/product_cat?post=9220"},{"taxonomy":"product_tag","embeddable":true,"href":"https:\/\/baga-biga.eus\/es\/wp-json\/wp\/v2\/product_tag?post=9220"}],"curies":[{"name":"wp","href":"https:\/\/api.w.org\/{rel}","templated":true}]}}