{"id":9216,"date":"2025-03-24T08:00:51","date_gmt":"2025-03-24T07:00:51","guid":{"rendered":"https:\/\/baga-biga.eus\/?post_type=product&#038;p=9216"},"modified":"2025-04-18T15:40:13","modified_gmt":"2025-04-18T13:40:13","slug":"estankona","status":"publish","type":"product","link":"https:\/\/baga-biga.eus\/es\/producto\/estankona\/","title":{"rendered":"Estankona CD"},"content":{"rendered":"<p>Estankona es \u00abEstankona\u00bb en su primer disco en solitario. Tautolog\u00eda. Subyace un esp\u00edritu rockero, tanto americano como anglosaj\u00f3n. Estankona no se encona, quiz\u00e1 si, en dar a todas sus canciones un punto de tensi\u00f3n. Tensi\u00f3n, fuerza, evoluci\u00f3n, salida y llegada en un mismo punto. El c\u00edrculo del punto se cierra en cada canci\u00f3n que a su vez cuenta una historia. Alegria, alborozo y su contrapunto, la tristeza. Cuando las canciones disfrutan de una evoluci\u00f3n, se quiere decir que tienen un desarrollo, una progresi\u00f3n. Estankona imprime a todas sus canciones esa ansia y esas ganas de subir y de bajar. Se atrinchera en unas bases tan s\u00f3lidas como suaves y c\u00f3modas de Itxaso Etxebeste y Jimmy Arrabit, y as\u00ed, Borja Estankona puede interpretar y dar rienda a sus deseos por medio de la voz y una guitarra desnuda. Estankona no desparrama paquetes de planos de guitarra, quiere viajar ligero, sin peso que le incomode, utiliza la guitarra con la fuerza de las caricias afectuosas. Los planos musicales de Estankona no nos enredan, se encuentran sin casi darse cuenta, no hay veredas enrevesadas, ni resquicios, ni precipicios en los que perderse. Desde el comienzo del disco nos quiere ense\u00f1r esa meta rockera de forma sencilla y f\u00e1cil buscando a rabiar cada atisbo de sentimiento. Estankona est\u00e1 constantemente en esa tensi\u00f3n, sin ropaje insulso y pesado que le impida caminar, y llegar al oyente fluidamente. El pasado musical queda lejos y, ahora, Estankona de esta forma quiere ser (con rock sencillo y afectuoso) y as\u00ed le encontrar\u00e1s en ese momento en que escuches el disco.<\/p>\n","protected":false},"excerpt":{"rendered":"<p>CD Estankona de Estankona<\/p>\n","protected":false},"featured_media":61315,"comment_status":"open","ping_status":"closed","template":"","meta":{"_acf_changed":false,"_et_pb_use_builder":"","_et_pb_old_content":"","_et_gb_content_width":""},"product_brand":[130],"product_cat":[225],"product_tag":[242],"class_list":{"0":"post-9216","1":"product","2":"type-product","3":"status-publish","4":"has-post-thumbnail","6":"product_brand-estankona","7":"product_cat-cd-es","8":"product_tag-rock-es","10":"first","11":"instock","12":"sale","13":"taxable","14":"shipping-taxable","15":"purchasable","16":"product-type-simple"},"acf":[],"_links":{"self":[{"href":"https:\/\/baga-biga.eus\/es\/wp-json\/wp\/v2\/product\/9216","targetHints":{"allow":["GET"]}}],"collection":[{"href":"https:\/\/baga-biga.eus\/es\/wp-json\/wp\/v2\/product"}],"about":[{"href":"https:\/\/baga-biga.eus\/es\/wp-json\/wp\/v2\/types\/product"}],"replies":[{"embeddable":true,"href":"https:\/\/baga-biga.eus\/es\/wp-json\/wp\/v2\/comments?post=9216"}],"wp:featuredmedia":[{"embeddable":true,"href":"https:\/\/baga-biga.eus\/es\/wp-json\/wp\/v2\/media\/61315"}],"wp:attachment":[{"href":"https:\/\/baga-biga.eus\/es\/wp-json\/wp\/v2\/media?parent=9216"}],"wp:term":[{"taxonomy":"product_brand","embeddable":true,"href":"https:\/\/baga-biga.eus\/es\/wp-json\/wp\/v2\/product_brand?post=9216"},{"taxonomy":"product_cat","embeddable":true,"href":"https:\/\/baga-biga.eus\/es\/wp-json\/wp\/v2\/product_cat?post=9216"},{"taxonomy":"product_tag","embeddable":true,"href":"https:\/\/baga-biga.eus\/es\/wp-json\/wp\/v2\/product_tag?post=9216"}],"curies":[{"name":"wp","href":"https:\/\/api.w.org\/{rel}","templated":true}]}}