{"id":9061,"date":"2025-02-18T12:35:12","date_gmt":"2025-02-18T11:35:12","guid":{"rendered":"https:\/\/baga-biga.eus\/produktua\/hotz-egin-duen-arren\/"},"modified":"2025-04-18T15:40:22","modified_gmt":"2025-04-18T13:40:22","slug":"hotz-egin-duen-arren","status":"publish","type":"product","link":"https:\/\/baga-biga.eus\/es\/producto\/hotz-egin-duen-arren\/","title":{"rendered":"Hotz egin duen arren CD"},"content":{"rendered":"<p>Belatz edita su segundo disco con el t\u00edtulo de \u00abHotz egin duen arren\u00bb (Aunque haya hecho fr\u00edo). El rock que han facturado los de Gernika tiene buenos arrebatos de un pop alegre y atractivo. La masa madre que ha utilizado Belatz tiene muchos componentes, desde colores, ritmos, sonidos y sabores. Belatz es un fino amasador y deja su rock en manos curtidas, desde el pop sencillo y r\u00e1pido, un toque del grunge m\u00e1s suave, los zarpazos del rock furioso, las gotas de electr\u00f3nica, la dulzura de la balada, la intensidad rockera a cuchilladas, al balanceo cari\u00f1oso de su rock. Todo eso es Belatz, y su foto preferida la har\u00eda unas veces con AC\/DC, o Muse, o Gatibu, o The Police, o Nirvana, o U2, pero siempre para ser Belatz. Al cantar utilizan tanto el batua como el bizkaiera de Gernika. Un disco de rock apetitoso, un sabroso y tierno pan elaborado con ingredientes netamente rockeros.<\/p>\n","protected":false},"excerpt":{"rendered":"<p>CD Hotz egin duen arren de Belatz<\/p>\n","protected":false},"featured_media":58806,"comment_status":"open","ping_status":"closed","template":"","meta":{"_acf_changed":false,"_et_pb_use_builder":"","_et_pb_old_content":"","_et_gb_content_width":""},"product_brand":[146],"product_cat":[225],"product_tag":[242],"class_list":{"0":"post-9061","1":"product","2":"type-product","3":"status-publish","4":"has-post-thumbnail","6":"product_brand-belatz","7":"product_cat-cd-es","8":"product_tag-rock-es","10":"first","11":"instock","12":"sale","13":"taxable","14":"shipping-taxable","15":"purchasable","16":"product-type-simple"},"acf":[],"_links":{"self":[{"href":"https:\/\/baga-biga.eus\/es\/wp-json\/wp\/v2\/product\/9061","targetHints":{"allow":["GET"]}}],"collection":[{"href":"https:\/\/baga-biga.eus\/es\/wp-json\/wp\/v2\/product"}],"about":[{"href":"https:\/\/baga-biga.eus\/es\/wp-json\/wp\/v2\/types\/product"}],"replies":[{"embeddable":true,"href":"https:\/\/baga-biga.eus\/es\/wp-json\/wp\/v2\/comments?post=9061"}],"wp:featuredmedia":[{"embeddable":true,"href":"https:\/\/baga-biga.eus\/es\/wp-json\/wp\/v2\/media\/58806"}],"wp:attachment":[{"href":"https:\/\/baga-biga.eus\/es\/wp-json\/wp\/v2\/media?parent=9061"}],"wp:term":[{"taxonomy":"product_brand","embeddable":true,"href":"https:\/\/baga-biga.eus\/es\/wp-json\/wp\/v2\/product_brand?post=9061"},{"taxonomy":"product_cat","embeddable":true,"href":"https:\/\/baga-biga.eus\/es\/wp-json\/wp\/v2\/product_cat?post=9061"},{"taxonomy":"product_tag","embeddable":true,"href":"https:\/\/baga-biga.eus\/es\/wp-json\/wp\/v2\/product_tag?post=9061"}],"curies":[{"name":"wp","href":"https:\/\/api.w.org\/{rel}","templated":true}]}}