{"id":9059,"date":"2025-02-18T12:35:12","date_gmt":"2025-02-18T11:35:12","guid":{"rendered":"https:\/\/baga-biga.eus\/produktua\/maketoen-iraultza\/"},"modified":"2025-04-18T15:40:32","modified_gmt":"2025-04-18T13:40:32","slug":"maketoen-iraultza","status":"publish","type":"product","link":"https:\/\/baga-biga.eus\/es\/producto\/maketoen-iraultza\/","title":{"rendered":"Maketoen iraultza CD"},"content":{"rendered":"<p>Doctor Deseo (Bilbao, 1986) en su decimos\u00e9ptimo disco nos viene \u00edntegramente en euskera, \u00abMaketoen iraultza\u00bb. Es un recopilatorio de las trece canciones, s\u00f3lo una es nueva y el resto son temas incluidos en sus diferentes discos que se trabajaron disco a disco durante muchos a\u00f1os con la excepci\u00f3n de \u00abSilencio en la sala\u00bb, publicado en 2006 para la iniciativa \u00ab18\/98\u00bb. En 1995 cuando iniciaron su particular viaje con aportaciones en euskera. Esos impulsos han sido labor muy a tener en cuenta. Fue en 1995 cuando incluyeron su primera aportaci\u00f3n al euskera. Esos impulsos han ido manteni\u00e9ndose constantemente en todos sus posteriores trabajos discogr\u00e1ficos. Doctor Deseo est\u00e1 emocionalmente unido al euskera. Fue un compromiso firme cuando el 3 de diciembre de 2011 en Gasteiz dieron su primer concierto \u00edntegro en euskera. Kilometroak 2016, Bergara, segundo concierto con repertorio en euskera. Dentro de la coherencia de Doctor Deseo el euskera ha tenido presencia y ha sido tambi\u00e9n uno de sus medios de expresi\u00f3n. El disco \u00abMaketoen iraultza\u00bb debe entenderse en esa din\u00e1mica a favor del euskera. Incorporaron a un cl\u00e1sico de la literatura vasca como Lauaxeta en el tema \u00abeta moxua eman nahezinez\u00bb. El \u00abNi naiz\u00bb de Xabier Lete se puede considerar como otro de los cl\u00e1sicos. Edorta Jim\u00e9nez, Unai Iturriaga y Sonia Gonz\u00e1lez son el resto del elenco literario utilizado por Doctor Deseo. Francis D\u00edez ha redondeado una larga colaboraci\u00f3n con Marta Ortiz en la elaboraci\u00f3n de los textos. La canci\u00f3n \u00abMaketoen iraultza\u00bb (La revoluci\u00f3n de los maquetos) de Doctor Deseo, es intensa, tiene los elementos necesarios para tomarla como un himno, con un texto claro. La electr\u00f3nica y la guitarra van cogidas de la mano con un final sorprendente, r\u00edtmico y bailongo.<\/p>\n","protected":false},"excerpt":{"rendered":"<p>CD Maketoen iraultza de Doctor Deseo<\/p>\n","protected":false},"featured_media":58500,"comment_status":"open","ping_status":"closed","template":"","meta":{"_acf_changed":false,"_et_pb_use_builder":"","_et_pb_old_content":"","_et_gb_content_width":""},"product_brand":[56],"product_cat":[225],"product_tag":[264,242],"class_list":{"0":"post-9059","1":"product","2":"type-product","3":"status-publish","4":"has-post-thumbnail","6":"product_brand-doctor-deseo","7":"product_cat-cd-es","8":"product_tag-pop-es","9":"product_tag-rock-es","11":"first","12":"instock","13":"taxable","14":"shipping-taxable","15":"purchasable","16":"product-type-simple"},"acf":[],"_links":{"self":[{"href":"https:\/\/baga-biga.eus\/es\/wp-json\/wp\/v2\/product\/9059","targetHints":{"allow":["GET"]}}],"collection":[{"href":"https:\/\/baga-biga.eus\/es\/wp-json\/wp\/v2\/product"}],"about":[{"href":"https:\/\/baga-biga.eus\/es\/wp-json\/wp\/v2\/types\/product"}],"replies":[{"embeddable":true,"href":"https:\/\/baga-biga.eus\/es\/wp-json\/wp\/v2\/comments?post=9059"}],"wp:featuredmedia":[{"embeddable":true,"href":"https:\/\/baga-biga.eus\/es\/wp-json\/wp\/v2\/media\/58500"}],"wp:attachment":[{"href":"https:\/\/baga-biga.eus\/es\/wp-json\/wp\/v2\/media?parent=9059"}],"wp:term":[{"taxonomy":"product_brand","embeddable":true,"href":"https:\/\/baga-biga.eus\/es\/wp-json\/wp\/v2\/product_brand?post=9059"},{"taxonomy":"product_cat","embeddable":true,"href":"https:\/\/baga-biga.eus\/es\/wp-json\/wp\/v2\/product_cat?post=9059"},{"taxonomy":"product_tag","embeddable":true,"href":"https:\/\/baga-biga.eus\/es\/wp-json\/wp\/v2\/product_tag?post=9059"}],"curies":[{"name":"wp","href":"https:\/\/api.w.org\/{rel}","templated":true}]}}