{"id":9058,"date":"2025-02-18T12:35:12","date_gmt":"2025-02-18T11:35:12","guid":{"rendered":"https:\/\/baga-biga.eus\/produktua\/aukera-berriak\/"},"modified":"2026-03-03T10:13:54","modified_gmt":"2026-03-03T09:13:54","slug":"aukera-berriak","status":"publish","type":"product","link":"https:\/\/baga-biga.eus\/es\/producto\/aukera-berriak\/","title":{"rendered":"Aukera Berriak CD"},"content":{"rendered":"<p>La m\u00fasica y letras de todas las canciones son de I\u00f1igo Etxezarreta con la producci\u00f3n y los arreglos de Pello Reparaz. Paxkal Etxepare lo ha grabado y mezclado en septiembre de 2019. La masterizaci\u00f3n es de Simon Capony. En la parte de las colaboraciones est\u00e1n Jon Maia (Beste behin; letra), Ander Valverde (Logela honetan; voz y letra), Gorka Pastor (Heldu da garaia; piano), Claudia Oses e Iv\u00e1n Carmona (Suakai) cuerdas en \u201cHeldu da garaia\u201d (grabadas por Iosu Erviti en Drum Groove Studio), Dani de Ayala (Isiltasunaren indarra; letra), Zuri\u00f1e Gil (letras y correcciones). Las fotos son de Ibai Acevedo. El dise\u00f1o gr\u00e1fico y la maquetaci\u00f3n son de Edurne Balenciaga.<\/p>\n","protected":false},"excerpt":{"rendered":"<p>CD Aukera Berriak de ETS (En Tol Sarmiento)<\/p>\n","protected":false},"featured_media":58502,"comment_status":"open","ping_status":"closed","template":"","meta":{"_acf_changed":false,"_et_pb_use_builder":"","_et_pb_old_content":"","_et_gb_content_width":""},"product_brand":[107],"product_cat":[225],"product_tag":[264,242],"class_list":{"0":"post-9058","1":"product","2":"type-product","3":"status-publish","4":"has-post-thumbnail","6":"product_brand-ets-en-tol-sarmiento","7":"product_cat-cd-es","8":"product_tag-pop-es","9":"product_tag-rock-es","11":"first","12":"instock","13":"taxable","14":"shipping-taxable","15":"purchasable","16":"product-type-simple"},"acf":[],"_links":{"self":[{"href":"https:\/\/baga-biga.eus\/es\/wp-json\/wp\/v2\/product\/9058","targetHints":{"allow":["GET"]}}],"collection":[{"href":"https:\/\/baga-biga.eus\/es\/wp-json\/wp\/v2\/product"}],"about":[{"href":"https:\/\/baga-biga.eus\/es\/wp-json\/wp\/v2\/types\/product"}],"replies":[{"embeddable":true,"href":"https:\/\/baga-biga.eus\/es\/wp-json\/wp\/v2\/comments?post=9058"}],"wp:featuredmedia":[{"embeddable":true,"href":"https:\/\/baga-biga.eus\/es\/wp-json\/wp\/v2\/media\/58502"}],"wp:attachment":[{"href":"https:\/\/baga-biga.eus\/es\/wp-json\/wp\/v2\/media?parent=9058"}],"wp:term":[{"taxonomy":"product_brand","embeddable":true,"href":"https:\/\/baga-biga.eus\/es\/wp-json\/wp\/v2\/product_brand?post=9058"},{"taxonomy":"product_cat","embeddable":true,"href":"https:\/\/baga-biga.eus\/es\/wp-json\/wp\/v2\/product_cat?post=9058"},{"taxonomy":"product_tag","embeddable":true,"href":"https:\/\/baga-biga.eus\/es\/wp-json\/wp\/v2\/product_tag?post=9058"}],"curies":[{"name":"wp","href":"https:\/\/api.w.org\/{rel}","templated":true}]}}