{"id":9057,"date":"2025-02-18T12:35:12","date_gmt":"2025-02-18T11:35:12","guid":{"rendered":"https:\/\/baga-biga.eus\/produktua\/quim-en-marrazkia\/"},"modified":"2025-04-18T15:40:42","modified_gmt":"2025-04-18T13:40:42","slug":"quim-en-marrazkia","status":"publish","type":"product","link":"https:\/\/baga-biga.eus\/es\/producto\/quim-en-marrazkia\/","title":{"rendered":"Quim-en marrazkia CD"},"content":{"rendered":"<p>Patxuko Nice edita su cuarto disco con el t\u00edtulo \u00abQuim-en marrazkia\u00bb que congenia dos grandes influencias en las caracter\u00edsticas de las canciones. El pop suave y pulido tiene una estrecha y profunda relaci\u00f3n con el reggae. Son evidentes los vestigios de los a\u00f1os ochenta en los conceptos de las canciones. Hay influencias de soul y funk en la canci\u00f3n \u00abAukera zoragarria\u00bb. \u00abLa huella\u00bb es sin\u00f3nimo de reggae lento y perfume similar lleva la canci\u00f3n \u00abTiemblan los brazos\u00bb. La interioridad es el ambiente m\u00e1s sensible, Patxuko Nice nos har\u00e1 llegar la luz desde ese interior. Un pop lleno de humildad musical est\u00e1 empapado de sirimiri reggae. Pero por encima de todo ello conservan en sus guitarras otra cualidad: el olor de las guitarras de reggae del grupo Itoiz penetra hasta el fondo de Patxuko Nice, y esta sutil aportaci\u00f3n la exponen de forma sencilla.<\/p>\n","protected":false},"excerpt":{"rendered":"<p>CD Quim-en marrazkia de Patxuko Nice<\/p>\n","protected":false},"featured_media":877,"comment_status":"open","ping_status":"closed","template":"","meta":{"_acf_changed":false,"_et_pb_use_builder":"","_et_pb_old_content":"","_et_gb_content_width":""},"product_brand":[182],"product_cat":[225],"product_tag":[264,268],"class_list":{"0":"post-9057","1":"product","2":"type-product","3":"status-publish","4":"has-post-thumbnail","6":"product_brand-patxuko-nice","7":"product_cat-cd-es","8":"product_tag-pop-es","9":"product_tag-reggae-es","11":"first","12":"instock","13":"taxable","14":"shipping-taxable","15":"purchasable","16":"product-type-simple"},"acf":[],"_links":{"self":[{"href":"https:\/\/baga-biga.eus\/es\/wp-json\/wp\/v2\/product\/9057","targetHints":{"allow":["GET"]}}],"collection":[{"href":"https:\/\/baga-biga.eus\/es\/wp-json\/wp\/v2\/product"}],"about":[{"href":"https:\/\/baga-biga.eus\/es\/wp-json\/wp\/v2\/types\/product"}],"replies":[{"embeddable":true,"href":"https:\/\/baga-biga.eus\/es\/wp-json\/wp\/v2\/comments?post=9057"}],"wp:featuredmedia":[{"embeddable":true,"href":"https:\/\/baga-biga.eus\/es\/wp-json\/wp\/v2\/media\/877"}],"wp:attachment":[{"href":"https:\/\/baga-biga.eus\/es\/wp-json\/wp\/v2\/media?parent=9057"}],"wp:term":[{"taxonomy":"product_brand","embeddable":true,"href":"https:\/\/baga-biga.eus\/es\/wp-json\/wp\/v2\/product_brand?post=9057"},{"taxonomy":"product_cat","embeddable":true,"href":"https:\/\/baga-biga.eus\/es\/wp-json\/wp\/v2\/product_cat?post=9057"},{"taxonomy":"product_tag","embeddable":true,"href":"https:\/\/baga-biga.eus\/es\/wp-json\/wp\/v2\/product_tag?post=9057"}],"curies":[{"name":"wp","href":"https:\/\/api.w.org\/{rel}","templated":true}]}}