{"id":9056,"date":"2025-02-18T12:35:12","date_gmt":"2025-02-18T11:35:12","guid":{"rendered":"https:\/\/baga-biga.eus\/produktua\/x-kulto-kultibo\/"},"modified":"2025-12-14T18:08:31","modified_gmt":"2025-12-14T17:08:31","slug":"x-kulto-kultibo","status":"publish","type":"product","link":"https:\/\/baga-biga.eus\/es\/producto\/x-kulto-kultibo\/","title":{"rendered":"X CD"},"content":{"rendered":"<p>Kulto Kultibo presenta su cuarto disco con el t\u00edtulo \u201cX\u201d. El rap de Kulto Kultibo es sencillo, un rap identitario acorde a sus textos, y en sus bases musicales el hip hop y el reggae est\u00e1n acompa\u00f1ados de toques y cualidades de jazz. Muchas trompetas, saxos, trombones y violines regalar\u00e1n detalles en varias canciones. Todas las bases son sencillas y est\u00e1n llenas de minimalismo. Calada a calada, rapean contra las pol\u00edticas que perpet\u00faan la dominaci\u00f3n del sistema y el poder subordinante y despejan claramente con \u201cX\u201d que la esencia fundamental es pregonar la cultura rap. La inocuicidad musical no entra dentro de la filosof\u00eda del rap de Kulto Kultibo. Al comienzo del disco se puede escuchar la primera y ma\u00f1anera chupada larga y profunda al canuto, y seguido la sirena de entrada a la f\u00e1brica. Y al final, aunque no se pierda esa particularidad de minimalismo, \u201cResa-K\u201d es una canci\u00f3n especial y atractiva con rasgos trip hop, groove y electr\u00f3nica; es decir, otro rap m\u00e1s de Kulto Kultibo para el baile. En \u201csin ley\u201d hay un clamor a favor de la liberaci\u00f3n de los siete j\u00f3venes detenidos de Altsasu y una cr\u00edtica a la sentencia sin sentido. Kulto Kultibo rapea sus versos sin pelos en la lengua.<\/p>\n","protected":false},"excerpt":{"rendered":"<p>CD X de Kulto Kultibo<\/p>\n","protected":false},"featured_media":58802,"comment_status":"open","ping_status":"closed","template":"","meta":{"_acf_changed":false,"_et_pb_use_builder":"","_et_pb_old_content":"","_et_gb_content_width":""},"product_brand":[160],"product_cat":[225],"product_tag":[267],"class_list":{"0":"post-9056","1":"product","2":"type-product","3":"status-publish","4":"has-post-thumbnail","6":"product_brand-kulto-kultibo","7":"product_cat-cd-es","8":"product_tag-rap-es","10":"first","11":"instock","12":"sale","13":"taxable","14":"shipping-taxable","15":"purchasable","16":"product-type-simple"},"acf":[],"_links":{"self":[{"href":"https:\/\/baga-biga.eus\/es\/wp-json\/wp\/v2\/product\/9056","targetHints":{"allow":["GET"]}}],"collection":[{"href":"https:\/\/baga-biga.eus\/es\/wp-json\/wp\/v2\/product"}],"about":[{"href":"https:\/\/baga-biga.eus\/es\/wp-json\/wp\/v2\/types\/product"}],"replies":[{"embeddable":true,"href":"https:\/\/baga-biga.eus\/es\/wp-json\/wp\/v2\/comments?post=9056"}],"wp:featuredmedia":[{"embeddable":true,"href":"https:\/\/baga-biga.eus\/es\/wp-json\/wp\/v2\/media\/58802"}],"wp:attachment":[{"href":"https:\/\/baga-biga.eus\/es\/wp-json\/wp\/v2\/media?parent=9056"}],"wp:term":[{"taxonomy":"product_brand","embeddable":true,"href":"https:\/\/baga-biga.eus\/es\/wp-json\/wp\/v2\/product_brand?post=9056"},{"taxonomy":"product_cat","embeddable":true,"href":"https:\/\/baga-biga.eus\/es\/wp-json\/wp\/v2\/product_cat?post=9056"},{"taxonomy":"product_tag","embeddable":true,"href":"https:\/\/baga-biga.eus\/es\/wp-json\/wp\/v2\/product_tag?post=9056"}],"curies":[{"name":"wp","href":"https:\/\/api.w.org\/{rel}","templated":true}]}}