{"id":9054,"date":"2025-02-18T12:35:12","date_gmt":"2025-02-18T11:35:12","guid":{"rendered":"https:\/\/baga-biga.eus\/produktua\/baltik\/"},"modified":"2026-03-20T11:17:40","modified_gmt":"2026-03-20T10:17:40","slug":"baltik","status":"publish","type":"product","link":"https:\/\/baga-biga.eus\/es\/producto\/baltik\/","title":{"rendered":"Baltik"},"content":{"rendered":"<p>I\u00f1aki Palacios en su tercer disco, \u201cBaltik\u201d, nos lleva desde la gratitud del sonido del txistu y desde su reconocimiento hacia esa Irlanda musical, a las melod\u00edas, a sus gentes, a los pubs y sus tradiciones, pero todo desde una visi\u00f3n musical ecl\u00e9ctica que domina en el norte de Europa como son el new\/trad, el post\/folk o el neo-trad. Baltik es una expresi\u00f3n usada en Irlanda cuando el tiempo meteorol\u00f3gico es deplorable, con fr\u00edo aterrador, lluvia incesante y viento g\u00e9lido. Todo en uno. Musicalmente, sin embargo, el disco \u201cBaltik\u201d no muestra frialdad alguna, se ha protegido bien la agudeza del txistu, y no s\u00f3lo con los instrumentos que tiene al lado, sino aunando la personalidad y las caracter\u00edsticas musicales de los dos pa\u00edses que quiere mostrar, Euskal Herria e Irlanda; es decir, combinando las posiblidades mel\u00f3dicas vasca y celtas, y herman\u00e1ndolas.<\/p>\n","protected":false},"excerpt":{"rendered":"<p>I\u00f1aki Palacios en su tercer disco, \u201cBaltik\u201d, nos lleva desde la gratitud del sonido del txistu y desde su reconocimiento hacia esa Irlanda musical, a las melod\u00edas, a sus gentes, [&hellip;]<\/p>\n","protected":false},"featured_media":62270,"comment_status":"open","ping_status":"closed","template":"","meta":{"_acf_changed":false,"_et_pb_use_builder":"","_et_pb_old_content":"","_et_gb_content_width":""},"product_brand":[88],"product_cat":[225],"product_tag":[],"class_list":{"0":"post-9054","1":"product","2":"type-product","3":"status-publish","4":"has-post-thumbnail","6":"product_brand-inaki-palacios","7":"product_cat-cd-es","9":"first","10":"instock","11":"taxable","12":"shipping-taxable","13":"purchasable","14":"product-type-simple"},"acf":[],"_links":{"self":[{"href":"https:\/\/baga-biga.eus\/es\/wp-json\/wp\/v2\/product\/9054","targetHints":{"allow":["GET"]}}],"collection":[{"href":"https:\/\/baga-biga.eus\/es\/wp-json\/wp\/v2\/product"}],"about":[{"href":"https:\/\/baga-biga.eus\/es\/wp-json\/wp\/v2\/types\/product"}],"replies":[{"embeddable":true,"href":"https:\/\/baga-biga.eus\/es\/wp-json\/wp\/v2\/comments?post=9054"}],"wp:featuredmedia":[{"embeddable":true,"href":"https:\/\/baga-biga.eus\/es\/wp-json\/wp\/v2\/media\/62270"}],"wp:attachment":[{"href":"https:\/\/baga-biga.eus\/es\/wp-json\/wp\/v2\/media?parent=9054"}],"wp:term":[{"taxonomy":"product_brand","embeddable":true,"href":"https:\/\/baga-biga.eus\/es\/wp-json\/wp\/v2\/product_brand?post=9054"},{"taxonomy":"product_cat","embeddable":true,"href":"https:\/\/baga-biga.eus\/es\/wp-json\/wp\/v2\/product_cat?post=9054"},{"taxonomy":"product_tag","embeddable":true,"href":"https:\/\/baga-biga.eus\/es\/wp-json\/wp\/v2\/product_tag?post=9054"}],"curies":[{"name":"wp","href":"https:\/\/api.w.org\/{rel}","templated":true}]}}