{"id":9052,"date":"2025-02-18T12:35:12","date_gmt":"2025-02-18T11:35:12","guid":{"rendered":"https:\/\/baga-biga.eus\/produktua\/medusa\/"},"modified":"2025-04-18T15:40:33","modified_gmt":"2025-04-18T13:40:33","slug":"medusa","status":"publish","type":"product","link":"https:\/\/baga-biga.eus\/es\/producto\/medusa\/","title":{"rendered":"Medusa CD"},"content":{"rendered":"<p>Dientes de Luna con el quinto disco, \u00abMedusa\u00bb, cumple el \u00faltimo cap\u00edtulo de la trilog\u00eda junto a los dos anteriores (Utopista y Atm\u00f3sfera). Con \u00abUtopista\u00bb nos dice que la tierra est\u00e1 para dar rienda a las utop\u00edas necesarias en todas las vidas. \u00abAtmosfera\u00bb es el aire de todas las utop\u00edas que podemos respirar. Y \u00abMedusa\u00bb es el agua que necesitamos para vivir, porque todas las utop\u00edas tienen sed de utopistas (ut\u00f3picos). El disco Medusa, de sonido compacto, es un rock potente, con mucho golpe en la secci\u00f3n r\u00edtmica, los sonidos de las guitarras corren en tropel, muchos estribillos en las faldas de la casi desgarrada voz. Power rock con silenciosas caricias electr\u00f3nicas, power rock nadando de forma progresiva, respirando profundamente a la espera de poner pie en el suelo. La medusa buscar\u00e1 corrientes de agua para llegar a su destino, pero \u00bfsabe a d\u00f3nde llegar\u00e1? Dientes de Luna ha tomado el camino de la trilog\u00eda para redondear los sonidos del grupo. \u00abMedusa\u00bb le ha salido potente, con golpe. \u00abMaldita\u00bb pretende representar conversaciones entre diferentes guitarras bajo la influencia del bajo y bater\u00eda. \u00abDisp\u00e1rame\u00bb con estribillos atmosf\u00e9ricos construidos en la fotaleza del bajo. Es afectuosa. \u00abPiel a piel\u00bb power-pop con toques del rock de los 90. Am\u00e9rica en el extremo de los estribillos. \u00ab37\u00bb tiene bases de la electr\u00f3nica. Canci\u00f3n sensible con atractivo estribillo. \u00abMarea\u00bb. Si Tom Petty rompi\u00f3 corazones con su grupo the Heartbreakers, esta canci\u00f3n recoge mareas y corrientes parecidas. Estribillos significativos con colchones de los teclados. \u00abEzer bihurtzen den guztia\u00bb tiene su base en el traqueteo del tren, la velocidad aumenta con el ritmo. Rock y power-rock de forma progresiva. Power-rock potente pero acariciadora. Te atrapar\u00e1 y seducira, la canci\u00f3n es envolvente. \u00abMedusa\u00bb es un instrumental con toques electr\u00f3nicos, es la canci\u00f3n m\u00e1s lenta, sensibilidad a cada latigazo de las guitarras, el grupo Dientes de Luna siempre tiene ciertas ganas para hacer rock progresivo, retazos. Por otra parte, Medusa era un ser temible de la mitolog\u00eda griega, de mirada p\u00e9trea. Petrificaba a quien se atrev\u00eda a mirarle a los ojos. Al parecer, Dientes de Luna ha mirado a los ojos a Medusa y estos han quedado petrificados en la \u00e9poca del rock. Porque la piedra es rock y viceversa.<\/p>\n","protected":false},"excerpt":{"rendered":"<p>CD Medusa de Dientes de Luna<\/p>\n","protected":false},"featured_media":58796,"comment_status":"open","ping_status":"closed","template":"","meta":{"_acf_changed":false,"_et_pb_use_builder":"","_et_pb_old_content":"","_et_gb_content_width":""},"product_brand":[111],"product_cat":[225],"product_tag":[242],"class_list":{"0":"post-9052","1":"product","2":"type-product","3":"status-publish","4":"has-post-thumbnail","6":"product_brand-dientes-de-luna","7":"product_cat-cd-es","8":"product_tag-rock-es","10":"first","11":"instock","12":"sale","13":"taxable","14":"shipping-taxable","15":"purchasable","16":"product-type-simple"},"acf":[],"_links":{"self":[{"href":"https:\/\/baga-biga.eus\/es\/wp-json\/wp\/v2\/product\/9052","targetHints":{"allow":["GET"]}}],"collection":[{"href":"https:\/\/baga-biga.eus\/es\/wp-json\/wp\/v2\/product"}],"about":[{"href":"https:\/\/baga-biga.eus\/es\/wp-json\/wp\/v2\/types\/product"}],"replies":[{"embeddable":true,"href":"https:\/\/baga-biga.eus\/es\/wp-json\/wp\/v2\/comments?post=9052"}],"wp:featuredmedia":[{"embeddable":true,"href":"https:\/\/baga-biga.eus\/es\/wp-json\/wp\/v2\/media\/58796"}],"wp:attachment":[{"href":"https:\/\/baga-biga.eus\/es\/wp-json\/wp\/v2\/media?parent=9052"}],"wp:term":[{"taxonomy":"product_brand","embeddable":true,"href":"https:\/\/baga-biga.eus\/es\/wp-json\/wp\/v2\/product_brand?post=9052"},{"taxonomy":"product_cat","embeddable":true,"href":"https:\/\/baga-biga.eus\/es\/wp-json\/wp\/v2\/product_cat?post=9052"},{"taxonomy":"product_tag","embeddable":true,"href":"https:\/\/baga-biga.eus\/es\/wp-json\/wp\/v2\/product_tag?post=9052"}],"curies":[{"name":"wp","href":"https:\/\/api.w.org\/{rel}","templated":true}]}}