{"id":9051,"date":"2025-02-18T12:35:12","date_gmt":"2025-02-18T11:35:12","guid":{"rendered":"https:\/\/baga-biga.eus\/produktua\/euskal-herriko-runba\/"},"modified":"2025-04-18T15:40:14","modified_gmt":"2025-04-18T13:40:14","slug":"euskal-herriko-runba","status":"publish","type":"product","link":"https:\/\/baga-biga.eus\/es\/producto\/euskal-herriko-runba\/","title":{"rendered":"Euskal Herriko Runba CD"},"content":{"rendered":"<p>Kilimak es \u00abEuskal Herriko runba\u00bb. El primer disco contiene seis canciones, cinco en euskera y una en castellano. El t\u00edtulo es en gran medida tautol\u00f3gico, porque el t\u00edtulo deja a la vista los ritmos que se abordan en el disco. Rumba m\u00e1s rumba, m\u00e1s un swing, es s\u00edmbolo de fiesta, j\u00fabilo, alegr\u00eda y regocijo. Donde est\u00e9 Kilimak, ambiente agradable asegurado. En los conciertos nos ofrecen una maravillosa oportunidad de agitar piernas y brazos al estilo de la rumba, e incluso de cantar enseguida. Atraen al oyente con ritmos sencillos y bailables. Kilimak ha dado los pasos iniciales para que haya un ciclo de la rumba vasca a partir de 2018. El disco \u00abEuskal Herriko runba\u00bb de Kilimak, tiene los ingredientes necesarios para que su protagonismo musical aflore, porque la gente quiere fiesta, porque Euskal Herria quiere reivindicar la alegr\u00eda, y porque despu\u00e9s de escuchar y ver a Kilimak viene la fiesta con la rumba. Las melod\u00edas rumberas de Kilimak tienen f\u00e1ciles estribillos, con la primera escucha se pueden cantar al instante. Los textos perfectos para alegrar las melod\u00edas. La rumba tiene que ser necesariamente pegajosa al instante. El grupo Kilimak ha sido capaz de aportar esa fuerza \u00fanica con seis especiales canciones. Las rumbas de Kilimak tendr\u00e1n en el oyente el efecto de una violenta alegr\u00eda, cuyo resultado no tardar\u00e1 en esparcirse por Euskal Herria. Porque siempre es hora de poner el cuerpo a bailar, de vivir con alegr\u00eda, de disfrutar con el amor, de traer la felicidad a la compa\u00f1\u00eda, de conocer la rumba en euskera.<\/p>\n","protected":false},"excerpt":{"rendered":"<p>CD Euskal Herriko Runba de Kilimak<\/p>\n","protected":false},"featured_media":58504,"comment_status":"open","ping_status":"closed","template":"","meta":{"_acf_changed":false,"_et_pb_use_builder":"","_et_pb_old_content":"","_et_gb_content_width":""},"product_brand":[132],"product_cat":[225],"product_tag":[263,269],"class_list":{"0":"post-9051","1":"product","2":"type-product","3":"status-publish","4":"has-post-thumbnail","6":"product_brand-kilimak","7":"product_cat-cd-es","8":"product_tag-latino-es","9":"product_tag-rumba-es","11":"first","12":"instock","13":"taxable","14":"shipping-taxable","15":"purchasable","16":"product-type-simple"},"acf":[],"_links":{"self":[{"href":"https:\/\/baga-biga.eus\/es\/wp-json\/wp\/v2\/product\/9051","targetHints":{"allow":["GET"]}}],"collection":[{"href":"https:\/\/baga-biga.eus\/es\/wp-json\/wp\/v2\/product"}],"about":[{"href":"https:\/\/baga-biga.eus\/es\/wp-json\/wp\/v2\/types\/product"}],"replies":[{"embeddable":true,"href":"https:\/\/baga-biga.eus\/es\/wp-json\/wp\/v2\/comments?post=9051"}],"wp:featuredmedia":[{"embeddable":true,"href":"https:\/\/baga-biga.eus\/es\/wp-json\/wp\/v2\/media\/58504"}],"wp:attachment":[{"href":"https:\/\/baga-biga.eus\/es\/wp-json\/wp\/v2\/media?parent=9051"}],"wp:term":[{"taxonomy":"product_brand","embeddable":true,"href":"https:\/\/baga-biga.eus\/es\/wp-json\/wp\/v2\/product_brand?post=9051"},{"taxonomy":"product_cat","embeddable":true,"href":"https:\/\/baga-biga.eus\/es\/wp-json\/wp\/v2\/product_cat?post=9051"},{"taxonomy":"product_tag","embeddable":true,"href":"https:\/\/baga-biga.eus\/es\/wp-json\/wp\/v2\/product_tag?post=9051"}],"curies":[{"name":"wp","href":"https:\/\/api.w.org\/{rel}","templated":true}]}}