{"id":9050,"date":"2025-02-18T12:35:12","date_gmt":"2025-02-18T11:35:12","guid":{"rendered":"https:\/\/baga-biga.eus\/produktua\/amestutako-lurraldea\/"},"modified":"2025-06-26T19:00:23","modified_gmt":"2025-06-26T17:00:23","slug":"amestutako-lurraldea","status":"publish","type":"product","link":"https:\/\/baga-biga.eus\/es\/producto\/amestutako-lurraldea\/","title":{"rendered":"Amestutako lurraldea CD"},"content":{"rendered":"<p>El segundo disco de Bastardix, titulado \u00abAmestutako lurraldea\u00bb (Territorio so\u00f1do), seguir\u00e1 utilizando permanentemente sus constantes musicales, ya que esas son las constantes vitales invariables de la banda. La m\u00fasica es alegre y piensan que posiblemente haya una di\u00e1fana esperanza vital para poner los pies en esa so\u00f1da tierra libre, y vivir en la alegr\u00eda, pero no paran de criticar las carencias y lagunas del sistema y de la sociedad en general. Bastardix tiene como base el rock (hard rock) y el folk irland\u00e9s con ese caracter\u00edstico matiz celta para hacer trasladar al oyente una propuesta liberadora y juguetona. Marcha, s\u00ed, y compromiso, tambi\u00e9n. La m\u00fasica de Bastardix tiene fuerza para combinar la diversi\u00f3n con la parte social de las letras que son bastante directas con sorna e iron\u00eda a patadas. Son canciones sencillas, de escucha f\u00e1cil, poco complejas y atractivas a la vez. Son briosos en los conciertos para as\u00ed poder impresionar a la gente con sus canciones. El t\u00e9cnico de grabaci\u00f3n Josu Erviti deja en lo bastante alto el nivel del disco y del grupo. Las canciones tienen un sonido compacto y han mezclado un rock variopinto con borrascas folk. El resultado tiene un efecto pegajoso desde la primera audici\u00f3n y esa es una de las partes m\u00e1s interesante de Bastardix, es decir, un Bastardix con amplios abanicos de rock (hard rock, metal), folk irland\u00e9s y aires de corte celta que nos lanzan hacia la alegr\u00eda, donde la fiesta se desarrolla dentro de un ambiente permanente, aunque se relaje unos grados con algunas baladas. La excepci\u00f3n, sin embargo, no apaciguar\u00e1 el torbellino sonoro de Bastardix.<\/p>\n","protected":false},"excerpt":{"rendered":"<p>CD Amestutako lurraldea de Bastardix<\/p>\n","protected":false},"featured_media":58506,"comment_status":"open","ping_status":"closed","template":"","meta":{"_acf_changed":false,"_et_pb_use_builder":"","_et_pb_old_content":"","_et_gb_content_width":""},"product_brand":[106],"product_cat":[225],"product_tag":[242],"class_list":{"0":"post-9050","1":"product","2":"type-product","3":"status-publish","4":"has-post-thumbnail","6":"product_brand-bastardix","7":"product_cat-cd-es","8":"product_tag-rock-es","10":"first","11":"instock","12":"taxable","13":"shipping-taxable","14":"purchasable","15":"product-type-simple"},"acf":[],"_links":{"self":[{"href":"https:\/\/baga-biga.eus\/es\/wp-json\/wp\/v2\/product\/9050","targetHints":{"allow":["GET"]}}],"collection":[{"href":"https:\/\/baga-biga.eus\/es\/wp-json\/wp\/v2\/product"}],"about":[{"href":"https:\/\/baga-biga.eus\/es\/wp-json\/wp\/v2\/types\/product"}],"replies":[{"embeddable":true,"href":"https:\/\/baga-biga.eus\/es\/wp-json\/wp\/v2\/comments?post=9050"}],"wp:featuredmedia":[{"embeddable":true,"href":"https:\/\/baga-biga.eus\/es\/wp-json\/wp\/v2\/media\/58506"}],"wp:attachment":[{"href":"https:\/\/baga-biga.eus\/es\/wp-json\/wp\/v2\/media?parent=9050"}],"wp:term":[{"taxonomy":"product_brand","embeddable":true,"href":"https:\/\/baga-biga.eus\/es\/wp-json\/wp\/v2\/product_brand?post=9050"},{"taxonomy":"product_cat","embeddable":true,"href":"https:\/\/baga-biga.eus\/es\/wp-json\/wp\/v2\/product_cat?post=9050"},{"taxonomy":"product_tag","embeddable":true,"href":"https:\/\/baga-biga.eus\/es\/wp-json\/wp\/v2\/product_tag?post=9050"}],"curies":[{"name":"wp","href":"https:\/\/api.w.org\/{rel}","templated":true}]}}