{"id":9038,"date":"2025-02-18T12:35:12","date_gmt":"2025-02-18T11:35:12","guid":{"rendered":"https:\/\/baga-biga.eus\/produktua\/izar\/"},"modified":"2025-04-18T15:40:25","modified_gmt":"2025-04-18T13:40:25","slug":"izar","status":"publish","type":"product","link":"https:\/\/baga-biga.eus\/es\/producto\/izar\/","title":{"rendered":"Izar CD"},"content":{"rendered":"<p>\u201cIZAR\u201d es un recorrido por su trayectoria. Comienza con M\u00edrame, la carta de presentaci\u00f3n de una travesti que estaba empezando en este mundo y recoge todas las canciones que ha compuesto en estos 4 a\u00f1os. Incluye colaboraciones con grandes artistas como Yogurinha Borova, Kai Nakai o Harribitxi. En cuanto al sonido, mezcla la electr\u00f3nica y los sonidos tradicionales de la m\u00fasica vasca (aunque aqu\u00ed tambi\u00e9n se puede observar una evoluci\u00f3n). El disco recoge el mensaje de empoderamiento y orgullo que lleva Albina como bandera en su activismo como travesti. El 100% del disco es en euskera ya que Albina considera   que   estos   mensajes   son   necesarios   y   poco escuchados en este idioma.<\/p>\n","protected":false},"excerpt":{"rendered":"<p>CD Izar de Albina Stardust<\/p>\n","protected":false},"featured_media":900,"comment_status":"open","ping_status":"closed","template":"","meta":{"_acf_changed":false,"_et_pb_use_builder":"","_et_pb_old_content":"","_et_gb_content_width":""},"product_brand":[153],"product_cat":[225],"product_tag":[261,264],"class_list":{"0":"post-9038","1":"product","2":"type-product","3":"status-publish","4":"has-post-thumbnail","6":"product_brand-albina-stardust","7":"product_cat-cd-es","8":"product_tag-electronica-es","9":"product_tag-pop-es","11":"first","12":"instock","13":"taxable","14":"shipping-taxable","15":"purchasable","16":"product-type-simple"},"acf":[],"_links":{"self":[{"href":"https:\/\/baga-biga.eus\/es\/wp-json\/wp\/v2\/product\/9038","targetHints":{"allow":["GET"]}}],"collection":[{"href":"https:\/\/baga-biga.eus\/es\/wp-json\/wp\/v2\/product"}],"about":[{"href":"https:\/\/baga-biga.eus\/es\/wp-json\/wp\/v2\/types\/product"}],"replies":[{"embeddable":true,"href":"https:\/\/baga-biga.eus\/es\/wp-json\/wp\/v2\/comments?post=9038"}],"wp:featuredmedia":[{"embeddable":true,"href":"https:\/\/baga-biga.eus\/es\/wp-json\/wp\/v2\/media\/900"}],"wp:attachment":[{"href":"https:\/\/baga-biga.eus\/es\/wp-json\/wp\/v2\/media?parent=9038"}],"wp:term":[{"taxonomy":"product_brand","embeddable":true,"href":"https:\/\/baga-biga.eus\/es\/wp-json\/wp\/v2\/product_brand?post=9038"},{"taxonomy":"product_cat","embeddable":true,"href":"https:\/\/baga-biga.eus\/es\/wp-json\/wp\/v2\/product_cat?post=9038"},{"taxonomy":"product_tag","embeddable":true,"href":"https:\/\/baga-biga.eus\/es\/wp-json\/wp\/v2\/product_tag?post=9038"}],"curies":[{"name":"wp","href":"https:\/\/api.w.org\/{rel}","templated":true}]}}