{"id":9029,"date":"2025-02-18T12:35:13","date_gmt":"2025-02-18T11:35:13","guid":{"rendered":"https:\/\/baga-biga.eus\/produktua\/ametsetan\/"},"modified":"2025-04-18T15:40:00","modified_gmt":"2025-04-18T13:40:00","slug":"ametsetan","status":"publish","type":"product","link":"https:\/\/baga-biga.eus\/es\/producto\/ametsetan\/","title":{"rendered":"AmETSetan CD + DVD"},"content":{"rendered":"<p>En Tol Sarmiento o ETS (2005, Iekora, Araba) se ha currado su recorrido musical, disco a disco han hecho grupo, han cre\u00eddo en el grupo y, ciertamente, a cada paso dado le ha sacado fruto. Han seleccionado, han reflexionado y Ametsetan es la consecuencia de la din\u00e1mica adoptada. En 2008 auto editaron el primer disco-maqueta \u00abVendimia seleccionada\u00bb pero anteriormente ya hab\u00edan tocado en su zona natural que ha sido la Rioja Alavesa. Han ido esparciendo canciones y discos en territorios mas extensos, su popularidad en radios y plazas ha ido creciendo, y en una de estas se dan cuenta de lo andado y deciden hacer un selfie musical que retrate con fidelidad su andadura en un disco en directo que sea como un homenaje cara al publico que tienen a su alrededor. En Tol Sarmiento con su quinto disco \u00abAmetsetan\u00bb logran llegar al deseado cl\u00edmax musical, recrear en directo el sue\u00f1o deseado. Grabar un sue\u00f1o requiere de la banda el esfuerzo m\u00e1ximo para que las canciones mil veces interpretadas suenen con redondez y rotundidad para hacer el mejor directo de su vida hasta la fecha en tres formatos diferentes: audio del directo (CD), v\u00eddeo del directo (DVD) y documental de 60 minutos de duraci\u00f3n. En Tol Sarmiento posee la capacidad de cautivar con bastante mesura a un p\u00fablico joven. Empezaron con sencillez, siguen siendo sencillos y con esa pol\u00edtica de lo sencillo han fraguado su carrera musical con su mejor concierto so\u00f1do cada noche en cualquier plaza de pueblo y con los pies pisando tierra en todo momento. Ametsetan es la fiesta dentro de la fiesta, un disco elaborado desde la sinceridad y honestidad, con un documental que engancha por su endiablada personalidad agradable. <\/p>\n","protected":false},"excerpt":{"rendered":"<p>CD + DVD AmETSetan de ETS (En Tol Sarmiento)<\/p>\n","protected":false},"featured_media":57853,"comment_status":"open","ping_status":"closed","template":"","meta":{"_acf_changed":false,"_et_pb_use_builder":"","_et_pb_old_content":"","_et_gb_content_width":""},"product_brand":[107],"product_cat":[206],"product_tag":[264,242],"class_list":{"0":"post-9029","1":"product","2":"type-product","3":"status-publish","4":"has-post-thumbnail","6":"product_brand-ets-en-tol-sarmiento","7":"product_cat-cd-dvd-es","8":"product_tag-pop-es","9":"product_tag-rock-es","11":"first","12":"instock","13":"featured","14":"taxable","15":"shipping-taxable","16":"purchasable","17":"product-type-simple"},"acf":[],"_links":{"self":[{"href":"https:\/\/baga-biga.eus\/es\/wp-json\/wp\/v2\/product\/9029","targetHints":{"allow":["GET"]}}],"collection":[{"href":"https:\/\/baga-biga.eus\/es\/wp-json\/wp\/v2\/product"}],"about":[{"href":"https:\/\/baga-biga.eus\/es\/wp-json\/wp\/v2\/types\/product"}],"replies":[{"embeddable":true,"href":"https:\/\/baga-biga.eus\/es\/wp-json\/wp\/v2\/comments?post=9029"}],"wp:featuredmedia":[{"embeddable":true,"href":"https:\/\/baga-biga.eus\/es\/wp-json\/wp\/v2\/media\/57853"}],"wp:attachment":[{"href":"https:\/\/baga-biga.eus\/es\/wp-json\/wp\/v2\/media?parent=9029"}],"wp:term":[{"taxonomy":"product_brand","embeddable":true,"href":"https:\/\/baga-biga.eus\/es\/wp-json\/wp\/v2\/product_brand?post=9029"},{"taxonomy":"product_cat","embeddable":true,"href":"https:\/\/baga-biga.eus\/es\/wp-json\/wp\/v2\/product_cat?post=9029"},{"taxonomy":"product_tag","embeddable":true,"href":"https:\/\/baga-biga.eus\/es\/wp-json\/wp\/v2\/product_tag?post=9029"}],"curies":[{"name":"wp","href":"https:\/\/api.w.org\/{rel}","templated":true}]}}