{"id":9028,"date":"2025-02-18T12:35:13","date_gmt":"2025-02-18T11:35:13","guid":{"rendered":"https:\/\/baga-biga.eus\/produktua\/ibilita-ikasten-da-erortzen\/"},"modified":"2025-04-18T15:40:22","modified_gmt":"2025-04-18T13:40:22","slug":"ibilita-ikasten-da-erortzen","status":"publish","type":"product","link":"https:\/\/baga-biga.eus\/es\/producto\/ibilita-ikasten-da-erortzen\/","title":{"rendered":"Ibilita ikasten da erortzen CD"},"content":{"rendered":"<p>Ze Esatek! a su quinto disco lo titula \u00abIbilita ikasten da erortzen\u00bb (Andando se aprende a caer), frase robada-pedida a Sustrai Colina. Sin perder el habitual ritmo de alegr\u00eda, Ze Esatek! en sus piernas tiene la garant\u00eda del rock y su cabeza destila las diferentes ramas del rock amplio: rock, rock mel\u00f3dico, punk, punk mel\u00f3dico, hard-core, hard-core mel\u00f3dico, pop-punk, pop-punk mel\u00f3dico. Ze Esatek! lanza su disco m\u00e1s le\u00f1ero. Melod\u00eda a raudales, zapatilla la ajustada rockeramente y con la seriedad vomitada en el retrete de cualquier bar. Ze Esatek! creci\u00f3 para vivir a carcajada limpia para decir lo que dicen, claro: ni perdonamos ni olvidamos la alegr\u00eda desde el punto de vista pol\u00edtico, sigamos con la diversi\u00f3n del rock.<\/p>\n","protected":false},"excerpt":{"rendered":"<p>CD Ibilita ikasten da erortzen de Ze Esatek!<\/p>\n","protected":false},"featured_media":58834,"comment_status":"open","ping_status":"closed","template":"","meta":{"_acf_changed":false,"_et_pb_use_builder":"","_et_pb_old_content":"","_et_gb_content_width":""},"product_brand":[148],"product_cat":[225],"product_tag":[265,242],"class_list":{"0":"post-9028","1":"product","2":"type-product","3":"status-publish","4":"has-post-thumbnail","6":"product_brand-ze-esatek","7":"product_cat-cd-es","8":"product_tag-punk-es","9":"product_tag-rock-es","11":"first","12":"instock","13":"sale","14":"taxable","15":"shipping-taxable","16":"purchasable","17":"product-type-simple"},"acf":[],"_links":{"self":[{"href":"https:\/\/baga-biga.eus\/es\/wp-json\/wp\/v2\/product\/9028","targetHints":{"allow":["GET"]}}],"collection":[{"href":"https:\/\/baga-biga.eus\/es\/wp-json\/wp\/v2\/product"}],"about":[{"href":"https:\/\/baga-biga.eus\/es\/wp-json\/wp\/v2\/types\/product"}],"replies":[{"embeddable":true,"href":"https:\/\/baga-biga.eus\/es\/wp-json\/wp\/v2\/comments?post=9028"}],"wp:featuredmedia":[{"embeddable":true,"href":"https:\/\/baga-biga.eus\/es\/wp-json\/wp\/v2\/media\/58834"}],"wp:attachment":[{"href":"https:\/\/baga-biga.eus\/es\/wp-json\/wp\/v2\/media?parent=9028"}],"wp:term":[{"taxonomy":"product_brand","embeddable":true,"href":"https:\/\/baga-biga.eus\/es\/wp-json\/wp\/v2\/product_brand?post=9028"},{"taxonomy":"product_cat","embeddable":true,"href":"https:\/\/baga-biga.eus\/es\/wp-json\/wp\/v2\/product_cat?post=9028"},{"taxonomy":"product_tag","embeddable":true,"href":"https:\/\/baga-biga.eus\/es\/wp-json\/wp\/v2\/product_tag?post=9028"}],"curies":[{"name":"wp","href":"https:\/\/api.w.org\/{rel}","templated":true}]}}