{"id":9026,"date":"2025-02-18T12:35:13","date_gmt":"2025-02-18T11:35:13","guid":{"rendered":"https:\/\/baga-biga.eus\/produktua\/lur-errebeldean\/"},"modified":"2025-04-18T15:40:32","modified_gmt":"2025-04-18T13:40:32","slug":"lur-errebeldean","status":"publish","type":"product","link":"https:\/\/baga-biga.eus\/es\/producto\/lur-errebeldean\/","title":{"rendered":"Lur errebeldean CD"},"content":{"rendered":"<p>Etsaiak Eroak presenta su segundo disco, \u00abLur errebeldea\u00bb (En tierras rebeldes), segundo golpe poderoso de la esta m\u00fasica insurgente. EtsaiakEroak entiende la m\u00fasica desde el extremo del hard-core metalero unido al punk, no hay medias palabras. Velocidad en las voces, se rapea en consecuencia, r\u00e1pidos en las guitarras, bajos abrasadores, bater\u00edas de golpe afilado y percusiones con el contrapunto de la alegr\u00eda vital. Todo este hard-core discurre fren\u00e9tico y puntiagudo, con apuntes del metal y ritmos con sabor punk. Pero a toda esta locura musical se le a\u00f1den momentos de puro color con melod\u00edas tribales en las percusiones poniendo tono festivo y bailable. EsaiakEroak hacen una versi\u00f3n del tradicional aurresku vasco, un homenaje al sentimiento de lo vasco, la influencia vasca al hard-core para que quede clara la procedencia de EtsaiakEroak. Sonido y producci\u00f3n de alta costura.<\/p>\n","protected":false},"excerpt":{"rendered":"<p>CD Lur errebeldean de Etsaiakeroak<\/p>\n","protected":false},"featured_media":58830,"comment_status":"open","ping_status":"closed","template":"","meta":{"_acf_changed":false,"_et_pb_use_builder":"","_et_pb_old_content":"","_et_gb_content_width":""},"product_brand":[169],"product_cat":[225],"product_tag":[265],"class_list":{"0":"post-9026","1":"product","2":"type-product","3":"status-publish","4":"has-post-thumbnail","6":"product_brand-etsaiakeroak","7":"product_cat-cd-es","8":"product_tag-punk-es","10":"first","11":"instock","12":"sale","13":"taxable","14":"shipping-taxable","15":"purchasable","16":"product-type-simple"},"acf":[],"_links":{"self":[{"href":"https:\/\/baga-biga.eus\/es\/wp-json\/wp\/v2\/product\/9026","targetHints":{"allow":["GET"]}}],"collection":[{"href":"https:\/\/baga-biga.eus\/es\/wp-json\/wp\/v2\/product"}],"about":[{"href":"https:\/\/baga-biga.eus\/es\/wp-json\/wp\/v2\/types\/product"}],"replies":[{"embeddable":true,"href":"https:\/\/baga-biga.eus\/es\/wp-json\/wp\/v2\/comments?post=9026"}],"wp:featuredmedia":[{"embeddable":true,"href":"https:\/\/baga-biga.eus\/es\/wp-json\/wp\/v2\/media\/58830"}],"wp:attachment":[{"href":"https:\/\/baga-biga.eus\/es\/wp-json\/wp\/v2\/media?parent=9026"}],"wp:term":[{"taxonomy":"product_brand","embeddable":true,"href":"https:\/\/baga-biga.eus\/es\/wp-json\/wp\/v2\/product_brand?post=9026"},{"taxonomy":"product_cat","embeddable":true,"href":"https:\/\/baga-biga.eus\/es\/wp-json\/wp\/v2\/product_cat?post=9026"},{"taxonomy":"product_tag","embeddable":true,"href":"https:\/\/baga-biga.eus\/es\/wp-json\/wp\/v2\/product_tag?post=9026"}],"curies":[{"name":"wp","href":"https:\/\/api.w.org\/{rel}","templated":true}]}}