{"id":9024,"date":"2025-02-18T12:35:13","date_gmt":"2025-02-18T11:35:13","guid":{"rendered":"https:\/\/baga-biga.eus\/produktua\/argibideak\/"},"modified":"2025-04-18T15:40:01","modified_gmt":"2025-04-18T13:40:01","slug":"argibideak","status":"publish","type":"product","link":"https:\/\/baga-biga.eus\/es\/producto\/argibideak\/","title":{"rendered":"Argibideak CD"},"content":{"rendered":"<p>Guda Dantza nos acerca Argibideak (Instrucciones) un tercer disco con ropaje musical predominante como es su particular visi\u00f3n del ska. Argibideak es muy variopinto desde el ojo huracanado del ska con matices de funk, ska-rock, ska-cumbia, rock-punk, electro-swing, rap y la premisa consciente del ska con textos entre la filosof\u00eda pol\u00edtica y social para promover emociones que disparen nuestra sensaciones vitales ya que la realidad muchas veces es m\u00e1s lo que parece que lo que en realidad es. Guda Dantza es festivo sin complacencias, combinatorio como combativo para subvertir haciendo m\u00fasica.<\/p>\n","protected":false},"excerpt":{"rendered":"<p>CD Argibideak de Guda Dantza<\/p>\n","protected":false},"featured_media":58826,"comment_status":"open","ping_status":"closed","template":"","meta":{"_acf_changed":false,"_et_pb_use_builder":"","_et_pb_old_content":"","_et_gb_content_width":""},"product_brand":[109],"product_cat":[225],"product_tag":[267,242,270],"class_list":{"0":"post-9024","1":"product","2":"type-product","3":"status-publish","4":"has-post-thumbnail","6":"product_brand-guda-dantza","7":"product_cat-cd-es","8":"product_tag-rap-es","9":"product_tag-rock-es","10":"product_tag-ska-es","12":"first","13":"instock","14":"sale","15":"taxable","16":"shipping-taxable","17":"purchasable","18":"product-type-simple"},"acf":[],"_links":{"self":[{"href":"https:\/\/baga-biga.eus\/es\/wp-json\/wp\/v2\/product\/9024","targetHints":{"allow":["GET"]}}],"collection":[{"href":"https:\/\/baga-biga.eus\/es\/wp-json\/wp\/v2\/product"}],"about":[{"href":"https:\/\/baga-biga.eus\/es\/wp-json\/wp\/v2\/types\/product"}],"replies":[{"embeddable":true,"href":"https:\/\/baga-biga.eus\/es\/wp-json\/wp\/v2\/comments?post=9024"}],"wp:featuredmedia":[{"embeddable":true,"href":"https:\/\/baga-biga.eus\/es\/wp-json\/wp\/v2\/media\/58826"}],"wp:attachment":[{"href":"https:\/\/baga-biga.eus\/es\/wp-json\/wp\/v2\/media?parent=9024"}],"wp:term":[{"taxonomy":"product_brand","embeddable":true,"href":"https:\/\/baga-biga.eus\/es\/wp-json\/wp\/v2\/product_brand?post=9024"},{"taxonomy":"product_cat","embeddable":true,"href":"https:\/\/baga-biga.eus\/es\/wp-json\/wp\/v2\/product_cat?post=9024"},{"taxonomy":"product_tag","embeddable":true,"href":"https:\/\/baga-biga.eus\/es\/wp-json\/wp\/v2\/product_tag?post=9024"}],"curies":[{"name":"wp","href":"https:\/\/api.w.org\/{rel}","templated":true}]}}