{"id":9019,"date":"2025-02-18T12:35:13","date_gmt":"2025-02-18T11:35:13","guid":{"rendered":"https:\/\/baga-biga.eus\/produktua\/zorionak-nire-partez-niretzako\/"},"modified":"2025-04-18T15:40:53","modified_gmt":"2025-04-18T13:40:53","slug":"zorionak-nire-partez-niretzako","status":"publish","type":"product","link":"https:\/\/baga-biga.eus\/es\/producto\/zorionak-nire-partez-niretzako\/","title":{"rendered":"Zorionak nire partez niretzako CD"},"content":{"rendered":"<p>Aunque sea un disco de guitarra y voz, es el disco m\u00e1s org\u00e1nico que he hecho en los \u00faltimos a\u00f1os. En \u00e9ste disco no existe el cortar pegar, y los pinchazos son m\u00ednimos, como en los viejos tiempos. Los casi buenos a veces hacemos cosas buenas y creo que \u00e9sta lo es. La portada est\u00e1 hecha a mano y el conjunto es el resultado que buscaba. Zorionak nire partez niretzako! 32 a\u00f1os haciendo canciones y 20 a\u00f1os de Txapelpunk. En todo este tiempo ella siempre ha estado a mi lado, es parte de m\u00ed. Empec\u00e9 con ella y quiero celebrarlo con ella. Al principio no nos entend\u00edamos, era como si habl\u00e1semos idiomas diferentes. A veces mis dedos heridos por su tacto sangraban. Un d\u00eda, de repente sucedi\u00f3, los dedos de mi mano izquierda enfundados en cinta aislante empezaron con acordes, mi mano derecha dio con el punteo \u00abg\u00bb de su cuerpo y desde aquel instante, ella empez\u00f3 a llenar un vac\u00edo que yo, ni siquiera sab\u00eda que ten\u00eda. \u00abZorionak nire partez niretzako\u00bb. Txapelpunk se regala a s\u00ed mismo un CD compuesto por 10 canciones nuevas. 10 canciones \u00edntimas que hablan de m\u00ed, pero tambi\u00e9n de ti (de \u00abella\u00bb).<\/p>\n","protected":false},"excerpt":{"rendered":"<p>CD Zorionak nire partez niretzako de Txapelpunk<\/p>\n","protected":false},"featured_media":58818,"comment_status":"open","ping_status":"closed","template":"","meta":{"_acf_changed":false,"_et_pb_use_builder":"","_et_pb_old_content":"","_et_gb_content_width":""},"product_brand":[99],"product_cat":[225],"product_tag":[265],"class_list":{"0":"post-9019","1":"product","2":"type-product","3":"status-publish","4":"has-post-thumbnail","6":"product_brand-txapelpunk","7":"product_cat-cd-es","8":"product_tag-punk-es","10":"first","11":"instock","12":"sale","13":"taxable","14":"shipping-taxable","15":"purchasable","16":"product-type-simple"},"acf":[],"_links":{"self":[{"href":"https:\/\/baga-biga.eus\/es\/wp-json\/wp\/v2\/product\/9019","targetHints":{"allow":["GET"]}}],"collection":[{"href":"https:\/\/baga-biga.eus\/es\/wp-json\/wp\/v2\/product"}],"about":[{"href":"https:\/\/baga-biga.eus\/es\/wp-json\/wp\/v2\/types\/product"}],"replies":[{"embeddable":true,"href":"https:\/\/baga-biga.eus\/es\/wp-json\/wp\/v2\/comments?post=9019"}],"wp:featuredmedia":[{"embeddable":true,"href":"https:\/\/baga-biga.eus\/es\/wp-json\/wp\/v2\/media\/58818"}],"wp:attachment":[{"href":"https:\/\/baga-biga.eus\/es\/wp-json\/wp\/v2\/media?parent=9019"}],"wp:term":[{"taxonomy":"product_brand","embeddable":true,"href":"https:\/\/baga-biga.eus\/es\/wp-json\/wp\/v2\/product_brand?post=9019"},{"taxonomy":"product_cat","embeddable":true,"href":"https:\/\/baga-biga.eus\/es\/wp-json\/wp\/v2\/product_cat?post=9019"},{"taxonomy":"product_tag","embeddable":true,"href":"https:\/\/baga-biga.eus\/es\/wp-json\/wp\/v2\/product_tag?post=9019"}],"curies":[{"name":"wp","href":"https:\/\/api.w.org\/{rel}","templated":true}]}}