{"id":9015,"date":"2025-02-18T12:35:13","date_gmt":"2025-02-18T11:35:13","guid":{"rendered":"https:\/\/baga-biga.eus\/produktua\/bidean\/"},"modified":"2025-04-18T15:40:04","modified_gmt":"2025-04-18T13:40:04","slug":"bidean","status":"publish","type":"product","link":"https:\/\/baga-biga.eus\/es\/producto\/bidean\/","title":{"rendered":"Bidean CD"},"content":{"rendered":"<p>Maider Zabalegi le ha dado el t\u00edtulo \u00abBidean\u00bb (En camino) a su segundo trabajo. Hasta ahora ha firmado sus discos solo con su nombre, pero en adelante la conoceremos con el nombre art\u00edstico de Maider Zabalegi. La vida es como un viaje para Maider Zabalegi, no sabemos cu\u00e1ndo va a comenzar ni sabemos cu\u00e1ndo terminar\u00e1. Al disco \u00abBidaia\u00bb le ocurre algo parecido. Quiz\u00e1 esto nos puede hacer pensar que con el comienzo y el final de las canciones termina todo, los temas de Maider Zabalegi nos atrapan por que esas canciones est\u00e1n construidas para formar un continuum bucle en nuestra memoria. Hay canciones estructuradas en l\u00ednea pop-rock, en baladas, en folk-rock americano, en country, canciones pausadas, canciones vivas, alegres y tambi\u00e9n sentimentales. Si la vida es impresionante, Maider Zabalegi ha creado sorprendentes canciones, inmensas, descomunales. En resumen, el disco de Maider Zabalegi har\u00e1 que el oyente est\u00e9 envuelto de ilusi\u00f3n y que vaya contagiando de forma espont\u00e1nea a la gente<\/p>\n","protected":false},"excerpt":{"rendered":"<p>CD Bidean de Maider Zabalegi<\/p>\n","protected":false},"featured_media":58812,"comment_status":"open","ping_status":"closed","template":"","meta":{"_acf_changed":false,"_et_pb_use_builder":"","_et_pb_old_content":"","_et_gb_content_width":""},"product_brand":[115],"product_cat":[225],"product_tag":[264],"class_list":{"0":"post-9015","1":"product","2":"type-product","3":"status-publish","4":"has-post-thumbnail","6":"product_brand-maider-zabalegi","7":"product_cat-cd-es","8":"product_tag-pop-es","10":"first","11":"instock","12":"sale","13":"taxable","14":"shipping-taxable","15":"purchasable","16":"product-type-simple"},"acf":[],"_links":{"self":[{"href":"https:\/\/baga-biga.eus\/es\/wp-json\/wp\/v2\/product\/9015","targetHints":{"allow":["GET"]}}],"collection":[{"href":"https:\/\/baga-biga.eus\/es\/wp-json\/wp\/v2\/product"}],"about":[{"href":"https:\/\/baga-biga.eus\/es\/wp-json\/wp\/v2\/types\/product"}],"replies":[{"embeddable":true,"href":"https:\/\/baga-biga.eus\/es\/wp-json\/wp\/v2\/comments?post=9015"}],"wp:featuredmedia":[{"embeddable":true,"href":"https:\/\/baga-biga.eus\/es\/wp-json\/wp\/v2\/media\/58812"}],"wp:attachment":[{"href":"https:\/\/baga-biga.eus\/es\/wp-json\/wp\/v2\/media?parent=9015"}],"wp:term":[{"taxonomy":"product_brand","embeddable":true,"href":"https:\/\/baga-biga.eus\/es\/wp-json\/wp\/v2\/product_brand?post=9015"},{"taxonomy":"product_cat","embeddable":true,"href":"https:\/\/baga-biga.eus\/es\/wp-json\/wp\/v2\/product_cat?post=9015"},{"taxonomy":"product_tag","embeddable":true,"href":"https:\/\/baga-biga.eus\/es\/wp-json\/wp\/v2\/product_tag?post=9015"}],"curies":[{"name":"wp","href":"https:\/\/api.w.org\/{rel}","templated":true}]}}