{"id":9014,"date":"2025-02-18T12:35:13","date_gmt":"2025-02-18T11:35:13","guid":{"rendered":"https:\/\/baga-biga.eus\/produktua\/la-esencia\/"},"modified":"2025-12-14T18:08:30","modified_gmt":"2025-12-14T17:08:30","slug":"la-esencia","status":"publish","type":"product","link":"https:\/\/baga-biga.eus\/es\/producto\/la-esencia\/","title":{"rendered":"La Esencia CD"},"content":{"rendered":"<p>Kulto Kultibo en su tercer disco (La esencia) sigue la senda musical de anterires discos, a las letras rapeadas le ponen, muy a menudo, bases reggae. El rap de Kulto Kultibo es sencillo, el sonido del directo y el de la grabaci\u00f3n son muy similares, esa cercan\u00eda les ha granjeado fama y estima. Su m\u00fasica no es populachera, ni tiene letras populacheras, su rap es identitario como lo son los textos. Quieren conservar la cercan\u00eda con sus seguidores. Los rapeos no buscar\u00e1n ninguna distracci\u00f3n y buscar\u00e1n crear desconfianza ante todo poder establecido. Calada a calada, la esencia fundamental es pregonar la cultura rap. La inocuicidad musical no entra dentro de la filosof\u00eda del rap de Kulto Kultibo que rapea contra las pol\u00edticas que perpet\u00faan la dominaci\u00f3n del sistema y el poder subordinante.<\/p>\n","protected":false},"excerpt":{"rendered":"<p>CD La Esencia de Kulto Kultibo<\/p>\n","protected":false},"featured_media":58810,"comment_status":"open","ping_status":"closed","template":"","meta":{"_acf_changed":false,"_et_pb_use_builder":"","_et_pb_old_content":"","_et_gb_content_width":""},"product_brand":[160],"product_cat":[225],"product_tag":[267,268],"class_list":{"0":"post-9014","1":"product","2":"type-product","3":"status-publish","4":"has-post-thumbnail","6":"product_brand-kulto-kultibo","7":"product_cat-cd-es","8":"product_tag-rap-es","9":"product_tag-reggae-es","11":"first","12":"instock","13":"sale","14":"taxable","15":"shipping-taxable","16":"purchasable","17":"product-type-simple"},"acf":[],"_links":{"self":[{"href":"https:\/\/baga-biga.eus\/es\/wp-json\/wp\/v2\/product\/9014","targetHints":{"allow":["GET"]}}],"collection":[{"href":"https:\/\/baga-biga.eus\/es\/wp-json\/wp\/v2\/product"}],"about":[{"href":"https:\/\/baga-biga.eus\/es\/wp-json\/wp\/v2\/types\/product"}],"replies":[{"embeddable":true,"href":"https:\/\/baga-biga.eus\/es\/wp-json\/wp\/v2\/comments?post=9014"}],"wp:featuredmedia":[{"embeddable":true,"href":"https:\/\/baga-biga.eus\/es\/wp-json\/wp\/v2\/media\/58810"}],"wp:attachment":[{"href":"https:\/\/baga-biga.eus\/es\/wp-json\/wp\/v2\/media?parent=9014"}],"wp:term":[{"taxonomy":"product_brand","embeddable":true,"href":"https:\/\/baga-biga.eus\/es\/wp-json\/wp\/v2\/product_brand?post=9014"},{"taxonomy":"product_cat","embeddable":true,"href":"https:\/\/baga-biga.eus\/es\/wp-json\/wp\/v2\/product_cat?post=9014"},{"taxonomy":"product_tag","embeddable":true,"href":"https:\/\/baga-biga.eus\/es\/wp-json\/wp\/v2\/product_tag?post=9014"}],"curies":[{"name":"wp","href":"https:\/\/api.w.org\/{rel}","templated":true}]}}