{"id":9013,"date":"2025-02-18T12:35:13","date_gmt":"2025-02-18T11:35:13","guid":{"rendered":"https:\/\/baga-biga.eus\/produktua\/harria\/"},"modified":"2026-03-20T11:17:39","modified_gmt":"2026-03-20T10:17:39","slug":"harria","status":"publish","type":"product","link":"https:\/\/baga-biga.eus\/es\/producto\/harria\/","title":{"rendered":"Harria CD"},"content":{"rendered":"<p>I\u00f1aki Palacios presenta su segundo espect\u00e1culo-disco con el t\u00edtulo \u00abHarria\u00bb. El txistu es el elemento central y unificador en la musicalidad de I\u00f1aki Palacios. Toda las composiciones, las melod\u00edas y el desarrollo de las canciones se han construido bajo la centralidad del txistu, Pero \u00abHarria\u00bb tiene otros dos componentes sustanciales que no se hablan utilizado en el primer disco: la txalaparta de piedra y el acorde\u00f3n diat\u00f3nico o trikitixa. Muchos de los temas han surgido y tomado cuerpo a partir de la sonoridad de la txalaparta de piedra. Como el concepto base es la piedra, se han buscado las diferentes sonoridades de la piedra por medio de dicha txalaparta con su fr\u00e1gil timbre, con la sensibilidad de su sonido que la ponen en valor. La trikitixa con su variedad arm\u00f3nica se convierte en el sincero ayudante del txistu y as\u00ed dar a las canciones fortaleza sonora. La aportaci\u00f3n crom\u00e1tica de la gitarra, bajo, bater\u00eda y sampler crear\u00e1n la chispa y fogosidad que alegrar\u00e1n las canciones y as\u00ed cimentar las coreograf\u00edas y la poes\u00eda recitada de I\u00f1ki Perurena en la que el harri-jasotzaile narra sus vivencias con la piedra. Las coreograf\u00edas creadas propiamente para el espect\u00e1culo por Josu S\u00e1nchez que Mulixka Dantza Taldea interpreta con sentimiento y personalidad las distintas facetas del deporte rural vasco. El espect\u00e1culo lo configuran 8 dantzaris, 5 m\u00fasicos e I\u00f1ki Perurena. \u00abHarria\u00bb es un espect\u00e1culo para espacios abiertos, espect\u00e1culo dise\u00f1do para la calle y plazas mayores.<\/p>\n","protected":false},"excerpt":{"rendered":"<p>CD Harria de I\u00f1aki Palacios<\/p>\n","protected":false},"featured_media":58808,"comment_status":"open","ping_status":"closed","template":"","meta":{"_acf_changed":false,"_et_pb_use_builder":"","_et_pb_old_content":"","_et_gb_content_width":""},"product_brand":[88],"product_cat":[225],"product_tag":[259],"class_list":{"0":"post-9013","1":"product","2":"type-product","3":"status-publish","4":"has-post-thumbnail","6":"product_brand-inaki-palacios","7":"product_cat-cd-es","8":"product_tag-folk-es","10":"first","11":"instock","12":"sale","13":"taxable","14":"shipping-taxable","15":"purchasable","16":"product-type-simple"},"acf":[],"_links":{"self":[{"href":"https:\/\/baga-biga.eus\/es\/wp-json\/wp\/v2\/product\/9013","targetHints":{"allow":["GET"]}}],"collection":[{"href":"https:\/\/baga-biga.eus\/es\/wp-json\/wp\/v2\/product"}],"about":[{"href":"https:\/\/baga-biga.eus\/es\/wp-json\/wp\/v2\/types\/product"}],"replies":[{"embeddable":true,"href":"https:\/\/baga-biga.eus\/es\/wp-json\/wp\/v2\/comments?post=9013"}],"wp:featuredmedia":[{"embeddable":true,"href":"https:\/\/baga-biga.eus\/es\/wp-json\/wp\/v2\/media\/58808"}],"wp:attachment":[{"href":"https:\/\/baga-biga.eus\/es\/wp-json\/wp\/v2\/media?parent=9013"}],"wp:term":[{"taxonomy":"product_brand","embeddable":true,"href":"https:\/\/baga-biga.eus\/es\/wp-json\/wp\/v2\/product_brand?post=9013"},{"taxonomy":"product_cat","embeddable":true,"href":"https:\/\/baga-biga.eus\/es\/wp-json\/wp\/v2\/product_cat?post=9013"},{"taxonomy":"product_tag","embeddable":true,"href":"https:\/\/baga-biga.eus\/es\/wp-json\/wp\/v2\/product_tag?post=9013"}],"curies":[{"name":"wp","href":"https:\/\/api.w.org\/{rel}","templated":true}]}}