{"id":9007,"date":"2025-02-18T12:35:14","date_gmt":"2025-02-18T11:35:14","guid":{"rendered":"https:\/\/baga-biga.eus\/produktua\/labarraren-ertzean\/"},"modified":"2025-04-18T15:40:19","modified_gmt":"2025-04-18T13:40:19","slug":"labarraren-ertzean","status":"publish","type":"product","link":"https:\/\/baga-biga.eus\/es\/producto\/labarraren-ertzean\/","title":{"rendered":"Labarraren ertzean CD"},"content":{"rendered":"<p>Guda Dantza edita \u00abLabarraren ertzean\u00bb, un segundo disco muy ecl\u00e9ctico donde los m\u00e1rgenes del ska-reggae y de la m\u00fasica negra se van fundiendo en los diferentes cortes. Los sonidos del entorno ska apabullan pero el grupo se siente sediento de las formas soul-funk. Pero la diversidad de colorido musical es m\u00e1s profunda. Perfiles rockeros con amplios brotes punk, swing salvaje y deslumbrante, reggae flem\u00e1tico con goteo dub. Melod\u00edas de acento negro para sugerir ambiente festivo, para transformar la vida en fiesta llena de profundo pensamiento reflexivo y sentir todos los entresijos vitales en la cotidianidad del instante para promulgar deseos, para crear situaciones, voluntades, esperanzas y comeduras de coco. El sexteto bizkaitarra Guda Dantza nos adentra en un disco de gran peso espec\u00edfico teniendo en cuenta su juventud, donde sus m\u00e1rgenes se vuelven n\u00facleo musical.<\/p>\n","protected":false},"excerpt":{"rendered":"<p>CD Labarraren ertzean de Guda Dantza<\/p>\n","protected":false},"featured_media":841,"comment_status":"open","ping_status":"closed","template":"","meta":{"_acf_changed":false,"_et_pb_use_builder":"","_et_pb_old_content":"","_et_gb_content_width":""},"product_brand":[109],"product_cat":[225],"product_tag":[268],"class_list":{"0":"post-9007","1":"product","2":"type-product","3":"status-publish","4":"has-post-thumbnail","6":"product_brand-guda-dantza","7":"product_cat-cd-es","8":"product_tag-reggae-es","10":"first","11":"instock","12":"sale","13":"taxable","14":"shipping-taxable","15":"purchasable","16":"product-type-simple"},"acf":[],"_links":{"self":[{"href":"https:\/\/baga-biga.eus\/es\/wp-json\/wp\/v2\/product\/9007","targetHints":{"allow":["GET"]}}],"collection":[{"href":"https:\/\/baga-biga.eus\/es\/wp-json\/wp\/v2\/product"}],"about":[{"href":"https:\/\/baga-biga.eus\/es\/wp-json\/wp\/v2\/types\/product"}],"replies":[{"embeddable":true,"href":"https:\/\/baga-biga.eus\/es\/wp-json\/wp\/v2\/comments?post=9007"}],"wp:featuredmedia":[{"embeddable":true,"href":"https:\/\/baga-biga.eus\/es\/wp-json\/wp\/v2\/media\/841"}],"wp:attachment":[{"href":"https:\/\/baga-biga.eus\/es\/wp-json\/wp\/v2\/media?parent=9007"}],"wp:term":[{"taxonomy":"product_brand","embeddable":true,"href":"https:\/\/baga-biga.eus\/es\/wp-json\/wp\/v2\/product_brand?post=9007"},{"taxonomy":"product_cat","embeddable":true,"href":"https:\/\/baga-biga.eus\/es\/wp-json\/wp\/v2\/product_cat?post=9007"},{"taxonomy":"product_tag","embeddable":true,"href":"https:\/\/baga-biga.eus\/es\/wp-json\/wp\/v2\/product_tag?post=9007"}],"curies":[{"name":"wp","href":"https:\/\/api.w.org\/{rel}","templated":true}]}}