{"id":9006,"date":"2025-02-18T12:35:14","date_gmt":"2025-02-18T11:35:14","guid":{"rendered":"https:\/\/baga-biga.eus\/produktua\/adrenalinaren-zain\/"},"modified":"2025-12-11T09:09:36","modified_gmt":"2025-12-11T08:09:36","slug":"adrenalinaren-zain","status":"publish","type":"product","link":"https:\/\/baga-biga.eus\/es\/producto\/adrenalinaren-zain\/","title":{"rendered":"Adrenalinaren zain CD"},"content":{"rendered":"<p>Garilak 26, grupo vizca\u00edno de romer\u00eda, edita su primer disco con t\u00edtulo \u00abAdrenalinaren zain\u00bb (Esperando adrenalina), con seis canciones m\u00e1s \u00abMende laurden\u00bb como bonus track compuesto para la comparsa bilbaina Eguzkizaleak para su vigesimoquinto aniversario. Garilak 26 re\u00fane unas canciones de puro tinte rockero pero siempre con la m\u00e1xima de poner en el plano m\u00e1s alto tres instrumentos aut\u00f3ctonos vascos como son la trikiti, la alboka y el albokote para conjugar sonidos de la tradici\u00f3n musical vasca con ritmos de rock y as\u00ed promulgar en los escenarios la cultura tradicional de Euskal Herria con eclecticismo, fiesta y compromisos diferentes.<\/p>\n","protected":false},"excerpt":{"rendered":"<p>CD Adrenalinaren zain de Garilak 26<\/p>\n","protected":false},"featured_media":62170,"comment_status":"open","ping_status":"closed","template":"","meta":{"_acf_changed":false,"_et_pb_use_builder":"","_et_pb_old_content":"","_et_gb_content_width":""},"product_brand":[139],"product_cat":[225],"product_tag":[259,242],"class_list":{"0":"post-9006","1":"product","2":"type-product","3":"status-publish","4":"has-post-thumbnail","6":"product_brand-garilak-26","7":"product_cat-cd-es","8":"product_tag-folk-es","9":"product_tag-rock-es","11":"first","12":"instock","13":"sale","14":"taxable","15":"shipping-taxable","16":"purchasable","17":"product-type-simple"},"acf":[],"_links":{"self":[{"href":"https:\/\/baga-biga.eus\/es\/wp-json\/wp\/v2\/product\/9006","targetHints":{"allow":["GET"]}}],"collection":[{"href":"https:\/\/baga-biga.eus\/es\/wp-json\/wp\/v2\/product"}],"about":[{"href":"https:\/\/baga-biga.eus\/es\/wp-json\/wp\/v2\/types\/product"}],"replies":[{"embeddable":true,"href":"https:\/\/baga-biga.eus\/es\/wp-json\/wp\/v2\/comments?post=9006"}],"wp:featuredmedia":[{"embeddable":true,"href":"https:\/\/baga-biga.eus\/es\/wp-json\/wp\/v2\/media\/62170"}],"wp:attachment":[{"href":"https:\/\/baga-biga.eus\/es\/wp-json\/wp\/v2\/media?parent=9006"}],"wp:term":[{"taxonomy":"product_brand","embeddable":true,"href":"https:\/\/baga-biga.eus\/es\/wp-json\/wp\/v2\/product_brand?post=9006"},{"taxonomy":"product_cat","embeddable":true,"href":"https:\/\/baga-biga.eus\/es\/wp-json\/wp\/v2\/product_cat?post=9006"},{"taxonomy":"product_tag","embeddable":true,"href":"https:\/\/baga-biga.eus\/es\/wp-json\/wp\/v2\/product_tag?post=9006"}],"curies":[{"name":"wp","href":"https:\/\/api.w.org\/{rel}","templated":true}]}}