{"id":9003,"date":"2025-02-18T12:35:14","date_gmt":"2025-02-18T11:35:14","guid":{"rendered":"https:\/\/baga-biga.eus\/produktua\/hesian\/"},"modified":"2025-04-13T12:33:47","modified_gmt":"2025-04-13T10:33:47","slug":"hesian","status":"publish","type":"product","link":"https:\/\/baga-biga.eus\/es\/producto\/hesian\/","title":{"rendered":"Hesian"},"content":{"rendered":"<p>Hesian, posiblemente, haya firmado uno de sus discos de mayor \u00e9xito ya que las melod\u00edas son muy valiosas y porque han acertado al componerlas. Cuando la m\u00fasica es escrita sobre sentimientos, las probabilidades que salgan canciones sensibles son mayores. Las canciones del s\u00e9ptimo disco de Hesian, por su sensibilidad estar\u00e1n m\u00e1s cerca de la persona que escuche el disco. Las canciones est\u00e1n susurrando con templanza, con fuerza emocional y llegan a profundidades abisales del sentimiento y deseo. Cuando las canciones est\u00e1n al lado de cada persona se hacen querer m\u00e1s y ese es el desaf\u00edo de la creaci\u00f3n musical, lograr que las canciones sean inmediatas, que las cosquillas sean placenteras y que la sonrisa aflore para dejar satisfecho al oyente. Hesian tiene canciones creadas desde la fuerza del sentimiento. Si la vida est\u00e1 para amar, Hesian ha creado unas composiciones a ese nivel. Fran y Zuri\u00f1e han escrito las canciones cada uno por su lado pero la concordancia es sensacional. Hesian en su s\u00e9ptimo disco \u201cHesian\u201d da la sensaci\u00f3n que es m\u00e1s popero pero viene tocado con ropaje rockero. La secci\u00f3n de viento tiene menos partes visibles y no est\u00e1n en primeros planos. Canciones de tempo medio inundan el disco que m\u00e1s se arropa a s\u00ed mismo.          <\/p>\n","protected":false},"excerpt":{"rendered":"<p>Hesian CD<\/p>\n","protected":false},"featured_media":850,"comment_status":"open","ping_status":"closed","template":"","meta":{"_acf_changed":false,"_et_pb_use_builder":"","_et_pb_old_content":"","_et_gb_content_width":""},"product_brand":[145],"product_cat":[225],"product_tag":[264,242],"class_list":{"0":"post-9003","1":"product","2":"type-product","3":"status-publish","4":"has-post-thumbnail","6":"product_brand-hesian","7":"product_cat-cd-es","8":"product_tag-pop-es","9":"product_tag-rock-es","11":"first","12":"instock","13":"sale","14":"taxable","15":"shipping-taxable","16":"purchasable","17":"product-type-simple"},"acf":[],"_links":{"self":[{"href":"https:\/\/baga-biga.eus\/es\/wp-json\/wp\/v2\/product\/9003","targetHints":{"allow":["GET"]}}],"collection":[{"href":"https:\/\/baga-biga.eus\/es\/wp-json\/wp\/v2\/product"}],"about":[{"href":"https:\/\/baga-biga.eus\/es\/wp-json\/wp\/v2\/types\/product"}],"replies":[{"embeddable":true,"href":"https:\/\/baga-biga.eus\/es\/wp-json\/wp\/v2\/comments?post=9003"}],"wp:featuredmedia":[{"embeddable":true,"href":"https:\/\/baga-biga.eus\/es\/wp-json\/wp\/v2\/media\/850"}],"wp:attachment":[{"href":"https:\/\/baga-biga.eus\/es\/wp-json\/wp\/v2\/media?parent=9003"}],"wp:term":[{"taxonomy":"product_brand","embeddable":true,"href":"https:\/\/baga-biga.eus\/es\/wp-json\/wp\/v2\/product_brand?post=9003"},{"taxonomy":"product_cat","embeddable":true,"href":"https:\/\/baga-biga.eus\/es\/wp-json\/wp\/v2\/product_cat?post=9003"},{"taxonomy":"product_tag","embeddable":true,"href":"https:\/\/baga-biga.eus\/es\/wp-json\/wp\/v2\/product_tag?post=9003"}],"curies":[{"name":"wp","href":"https:\/\/api.w.org\/{rel}","templated":true}]}}