{"id":8999,"date":"2025-02-18T12:35:14","date_gmt":"2025-02-18T11:35:14","guid":{"rendered":"https:\/\/baga-biga.eus\/produktua\/esan-eta-egin\/"},"modified":"2025-12-17T22:07:27","modified_gmt":"2025-12-17T21:07:27","slug":"esan-eta-egin","status":"publish","type":"product","link":"https:\/\/baga-biga.eus\/es\/producto\/esan-eta-egin\/","title":{"rendered":"Esan eta egin LIBURUA\/LIBRO"},"content":{"rendered":"<p>Alex Sardui, cantante del grupo de rock Gatibu, ha escrito su primera novela que tiene por t\u00edtulo \u00abEsan eta egin\u00bb. La prosa y la forma de escribir son directas y de f\u00e1cil lectura. Alex Sardui ha buscado una escritura atractiva para todos los p\u00fablicos, que conecte como sus letras en Gatibu. Nada de paja banal (Alex Sardui no es amigo de empajar el texto con \u00e1nimo de engordar), siempre al hilo, sin ninguna pesadez literaria, limpio y sin nudos gordianos. Lejos del adorno o floritura estil\u00edstica, como en sus canciones, quiere a un\/a lector\/a muy cercano\/a al que le estuviese leyendo el libro. Alex quiere un p\u00fablico como en los directos, a pie de es-cenario. La novela de Alex Sardui nos cautivar\u00e1 desde la primera p\u00e1gina, siempre se querr\u00e1 saber qu\u00e9 es lo que vendr\u00e1 en el siguiente cap\u00edtulo. La historia de la novela se desarrola en la d\u00e9cada de los 50 y 60, en Eukal Herria , pero con nombres de ciudades, pueblos y personajes figurados, ficticios. Los pormenores varios que se dan dentro de la cuadrilla nos sorprende-r\u00e1n. El final nos atrapar\u00e1 \u00abmusturrek sartunde\u00bb (con el morro bien metido) y con el coraz\u00f3n palpitando. La lectura del libro est\u00e1 recomendada para mayores de 14 a\u00f1os, para euskaldunes y euskaldunberris. Lo que se dice se hace. Alex Sardui ha escrito el libro desde la honradez consigo mismo. A lo dicho: \u00abEsan eta egin\u00bb (Dicho y hecho).<\/p>\n","protected":false},"excerpt":{"rendered":"<p>LIBRO Esan eta egin de Alex Sardui<\/p>\n","protected":false},"featured_media":780,"comment_status":"open","ping_status":"closed","template":"","meta":{"_acf_changed":false,"_et_pb_use_builder":"","_et_pb_old_content":"","_et_gb_content_width":""},"product_brand":[126],"product_cat":[208],"product_tag":[],"class_list":{"0":"post-8999","1":"product","2":"type-product","3":"status-publish","4":"has-post-thumbnail","6":"product_brand-alex-sardui","7":"product_cat-libros","9":"first","10":"instock","11":"sale","12":"taxable","13":"shipping-taxable","14":"purchasable","15":"product-type-simple"},"acf":[],"_links":{"self":[{"href":"https:\/\/baga-biga.eus\/es\/wp-json\/wp\/v2\/product\/8999","targetHints":{"allow":["GET"]}}],"collection":[{"href":"https:\/\/baga-biga.eus\/es\/wp-json\/wp\/v2\/product"}],"about":[{"href":"https:\/\/baga-biga.eus\/es\/wp-json\/wp\/v2\/types\/product"}],"replies":[{"embeddable":true,"href":"https:\/\/baga-biga.eus\/es\/wp-json\/wp\/v2\/comments?post=8999"}],"wp:featuredmedia":[{"embeddable":true,"href":"https:\/\/baga-biga.eus\/es\/wp-json\/wp\/v2\/media\/780"}],"wp:attachment":[{"href":"https:\/\/baga-biga.eus\/es\/wp-json\/wp\/v2\/media?parent=8999"}],"wp:term":[{"taxonomy":"product_brand","embeddable":true,"href":"https:\/\/baga-biga.eus\/es\/wp-json\/wp\/v2\/product_brand?post=8999"},{"taxonomy":"product_cat","embeddable":true,"href":"https:\/\/baga-biga.eus\/es\/wp-json\/wp\/v2\/product_cat?post=8999"},{"taxonomy":"product_tag","embeddable":true,"href":"https:\/\/baga-biga.eus\/es\/wp-json\/wp\/v2\/product_tag?post=8999"}],"curies":[{"name":"wp","href":"https:\/\/api.w.org\/{rel}","templated":true}]}}