{"id":8998,"date":"2025-02-18T12:35:14","date_gmt":"2025-02-18T11:35:14","guid":{"rendered":"https:\/\/baga-biga.eus\/produktua\/euskal-musika-kosmikoa\/"},"modified":"2025-10-13T15:18:00","modified_gmt":"2025-10-13T13:18:00","slug":"euskal-musika-kosmikoa","status":"publish","type":"product","link":"https:\/\/baga-biga.eus\/es\/producto\/euskal-musika-kosmikoa\/","title":{"rendered":"Euskal musika kosmikoa LIBURUA\/LIBRO"},"content":{"rendered":"<p>Josu Larrinaga es el autor del libro \u00abEuskal musika kosmikoak\u00bb. Este entretenido libro nos habla de m\u00fasica, de m\u00fasicos y de sus aleda\u00f1os contextuales pol\u00edticos, sociales, econ\u00f3micos y culturales. Josu Larrinaga analiza c\u00f3mo son las diferentes ramas de la cultura euskald\u00fan y nos cuenta por qu\u00e9 son as\u00ed haciendo un rastreo desde 1960 hasta nuestros d\u00edas. Aporta datos sobre las influencias que ha tenido la m\u00fasica popular euskald\u00fan en los cambios sociales, en la sociedad. No sabemos si lo pregunta o lo asiente. \u00c2\u00bfEs la m\u00fasica popular euskaldun reflejo y modificador de la sociedad? Si, la m\u00fasica popular euskaldun refleja y modifica su sociedad.<\/p>\n","protected":false},"excerpt":{"rendered":"<p>LIBRO Euskal musika kosmikoa de Josu Larrinaga<\/p>\n","protected":false},"featured_media":848,"comment_status":"open","ping_status":"closed","template":"","meta":{"_acf_changed":false,"_et_pb_use_builder":"","_et_pb_old_content":"","_et_gb_content_width":""},"product_brand":[133],"product_cat":[208],"product_tag":[],"class_list":{"0":"post-8998","1":"product","2":"type-product","3":"status-publish","4":"has-post-thumbnail","6":"product_brand-josu-larrinaga","7":"product_cat-libros","9":"first","10":"instock","11":"sale","12":"taxable","13":"shipping-taxable","14":"purchasable","15":"product-type-simple"},"acf":[],"_links":{"self":[{"href":"https:\/\/baga-biga.eus\/es\/wp-json\/wp\/v2\/product\/8998","targetHints":{"allow":["GET"]}}],"collection":[{"href":"https:\/\/baga-biga.eus\/es\/wp-json\/wp\/v2\/product"}],"about":[{"href":"https:\/\/baga-biga.eus\/es\/wp-json\/wp\/v2\/types\/product"}],"replies":[{"embeddable":true,"href":"https:\/\/baga-biga.eus\/es\/wp-json\/wp\/v2\/comments?post=8998"}],"wp:featuredmedia":[{"embeddable":true,"href":"https:\/\/baga-biga.eus\/es\/wp-json\/wp\/v2\/media\/848"}],"wp:attachment":[{"href":"https:\/\/baga-biga.eus\/es\/wp-json\/wp\/v2\/media?parent=8998"}],"wp:term":[{"taxonomy":"product_brand","embeddable":true,"href":"https:\/\/baga-biga.eus\/es\/wp-json\/wp\/v2\/product_brand?post=8998"},{"taxonomy":"product_cat","embeddable":true,"href":"https:\/\/baga-biga.eus\/es\/wp-json\/wp\/v2\/product_cat?post=8998"},{"taxonomy":"product_tag","embeddable":true,"href":"https:\/\/baga-biga.eus\/es\/wp-json\/wp\/v2\/product_tag?post=8998"}],"curies":[{"name":"wp","href":"https:\/\/api.w.org\/{rel}","templated":true}]}}