{"id":8997,"date":"2025-02-18T12:35:14","date_gmt":"2025-02-18T11:35:14","guid":{"rendered":"https:\/\/baga-biga.eus\/produktua\/neskatxa-maite\/"},"modified":"2025-10-13T15:17:58","modified_gmt":"2025-10-13T13:17:58","slug":"neskatxa-maite","status":"publish","type":"product","link":"https:\/\/baga-biga.eus\/es\/producto\/neskatxa-maite\/","title":{"rendered":"Neskatxa maite LIBURUA\/LIBRO"},"content":{"rendered":"<p>Elena L\u00f3pez Aguirre ha escrito un nuevo libro de t\u00edtulo \u00abNeskatxa maite: 25 mujeres que la m\u00fasica vasca no deber\u00eda olvidar\u00bb. El libro es un entretenido y largo viaje con escalas en las apasionantes biograf\u00edas de otras tantas mujeres, relacionadas con la escena musical de Euskal Herria, que han sido pioneras, luchadoras, valientes y no siempre reconocidas. Por sus p\u00e1ginas desfilan, en alegre kalejira, cantantes, instrumentistas, profesoras, m\u00e1nagers, programadoras, fot\u00f3grafas, pinchadiscos, periodistas, compositoras, fanzineras, coralistas, disqueras, productoras, fans, txarangueras<\/p>\n","protected":false},"excerpt":{"rendered":"<p>LIBRO Neskatxa maite de Elena Lopez<\/p>\n","protected":false},"featured_media":849,"comment_status":"open","ping_status":"closed","template":"","meta":{"_acf_changed":false,"_et_pb_use_builder":"","_et_pb_old_content":"","_et_gb_content_width":""},"product_brand":[176],"product_cat":[208],"product_tag":[],"class_list":{"0":"post-8997","1":"product","2":"type-product","3":"status-publish","4":"has-post-thumbnail","6":"product_brand-elena-lopez","7":"product_cat-libros","9":"first","10":"instock","11":"sale","12":"taxable","13":"shipping-taxable","14":"purchasable","15":"product-type-simple"},"acf":[],"_links":{"self":[{"href":"https:\/\/baga-biga.eus\/es\/wp-json\/wp\/v2\/product\/8997","targetHints":{"allow":["GET"]}}],"collection":[{"href":"https:\/\/baga-biga.eus\/es\/wp-json\/wp\/v2\/product"}],"about":[{"href":"https:\/\/baga-biga.eus\/es\/wp-json\/wp\/v2\/types\/product"}],"replies":[{"embeddable":true,"href":"https:\/\/baga-biga.eus\/es\/wp-json\/wp\/v2\/comments?post=8997"}],"wp:featuredmedia":[{"embeddable":true,"href":"https:\/\/baga-biga.eus\/es\/wp-json\/wp\/v2\/media\/849"}],"wp:attachment":[{"href":"https:\/\/baga-biga.eus\/es\/wp-json\/wp\/v2\/media?parent=8997"}],"wp:term":[{"taxonomy":"product_brand","embeddable":true,"href":"https:\/\/baga-biga.eus\/es\/wp-json\/wp\/v2\/product_brand?post=8997"},{"taxonomy":"product_cat","embeddable":true,"href":"https:\/\/baga-biga.eus\/es\/wp-json\/wp\/v2\/product_cat?post=8997"},{"taxonomy":"product_tag","embeddable":true,"href":"https:\/\/baga-biga.eus\/es\/wp-json\/wp\/v2\/product_tag?post=8997"}],"curies":[{"name":"wp","href":"https:\/\/api.w.org\/{rel}","templated":true}]}}