{"id":8991,"date":"2025-02-18T12:35:15","date_gmt":"2025-02-18T11:35:15","guid":{"rendered":"https:\/\/baga-biga.eus\/produktua\/e-h-calling\/"},"modified":"2025-06-26T19:00:26","modified_gmt":"2025-06-26T17:00:26","slug":"e-h-calling","status":"publish","type":"product","link":"https:\/\/baga-biga.eus\/es\/producto\/e-h-calling\/","title":{"rendered":"E.H. Calling CD"},"content":{"rendered":"<p>Kaotiko edita su octavo disco que lleva por t\u00edtulo \u00abE. H. Calling\u00bb. Kaotiko con su emisi\u00f3n punk y rockera quiere revolucionar todos los rincones. Canciones redondas, cortas y directas son las que ha mezclado y producido Jimmy de SA. Kaotiko ha robado a The Clash la idea del t\u00edtulo y se propone perturbar empezando por Euskal Herria al resto de la humanidad sin dilaci\u00f3n alguna para hacer frente al orden mundial establecido y a todo ese hedor nauseabundo que va dejando a su paso. La historia de los desfavorecidos nos dice que es el pueblo llano el que se ha visto con el porr\u00f3n de golpes por parte del poder y que habr\u00e1 que poner freno de alguna forma si no se quiere seguir en este estado de cosas. Y Kaotiko llama y emite con todo su esplendor sus nuevas canciones. Kaotiko en sus letras habla de la opresi\u00f3n pol\u00edtica, econ\u00f3mica y social que padecemos, ante lo cual no queda otra que subvertir. Kaotiko en \u00abE. H. Calling\u00bb tiene un sonido punk transparente, crudo y compacto. Canciones ligeras, r\u00e1pidas, cortas, llenas de melod\u00eda en la que los coros juegan, otra vez, importante papel, pero no se puede olvidar ese punto de dureza que ha impreso Jimmy SA, haciendo que Kaotiko suene m\u00e1s grueso.<\/p>\n","protected":false},"excerpt":{"rendered":"<p>CD E.H. Calling de Kaotiko<\/p>\n","protected":false},"featured_media":770,"comment_status":"open","ping_status":"closed","template":"","meta":{"_acf_changed":false,"_et_pb_use_builder":"","_et_pb_old_content":"","_et_gb_content_width":""},"product_brand":[156],"product_cat":[225],"product_tag":[265],"class_list":{"0":"post-8991","1":"product","2":"type-product","3":"status-publish","4":"has-post-thumbnail","6":"product_brand-kaotiko","7":"product_cat-cd-es","8":"product_tag-punk-es","10":"first","11":"instock","12":"sale","13":"taxable","14":"shipping-taxable","15":"purchasable","16":"product-type-simple"},"acf":[],"_links":{"self":[{"href":"https:\/\/baga-biga.eus\/es\/wp-json\/wp\/v2\/product\/8991","targetHints":{"allow":["GET"]}}],"collection":[{"href":"https:\/\/baga-biga.eus\/es\/wp-json\/wp\/v2\/product"}],"about":[{"href":"https:\/\/baga-biga.eus\/es\/wp-json\/wp\/v2\/types\/product"}],"replies":[{"embeddable":true,"href":"https:\/\/baga-biga.eus\/es\/wp-json\/wp\/v2\/comments?post=8991"}],"wp:featuredmedia":[{"embeddable":true,"href":"https:\/\/baga-biga.eus\/es\/wp-json\/wp\/v2\/media\/770"}],"wp:attachment":[{"href":"https:\/\/baga-biga.eus\/es\/wp-json\/wp\/v2\/media?parent=8991"}],"wp:term":[{"taxonomy":"product_brand","embeddable":true,"href":"https:\/\/baga-biga.eus\/es\/wp-json\/wp\/v2\/product_brand?post=8991"},{"taxonomy":"product_cat","embeddable":true,"href":"https:\/\/baga-biga.eus\/es\/wp-json\/wp\/v2\/product_cat?post=8991"},{"taxonomy":"product_tag","embeddable":true,"href":"https:\/\/baga-biga.eus\/es\/wp-json\/wp\/v2\/product_tag?post=8991"}],"curies":[{"name":"wp","href":"https:\/\/api.w.org\/{rel}","templated":true}]}}