{"id":8978,"date":"2025-02-18T12:35:15","date_gmt":"2025-02-18T11:35:15","guid":{"rendered":"https:\/\/baga-biga.eus\/produktua\/hegalak-astinduz\/"},"modified":"2025-03-31T20:37:32","modified_gmt":"2025-03-31T18:37:32","slug":"hegalak-astinduz","status":"publish","type":"product","link":"https:\/\/baga-biga.eus\/es\/producto\/hegalak-astinduz\/","title":{"rendered":"Hegalak astinduz"},"content":{"rendered":"<p>Hesian edita su sexto disco con el t\u00edtulo \u201cHegalak astinduz\u201d (Sacudiendo las alas). Si, algo se est\u00e1 transformando en Hesian, quiz\u00e1 mucho. Al escuchar las canciones estas nos aportar\u00e1n bastante alegr\u00eda. Cada uno de los discos de Hesian han servido para realzar su nombre y fama durante estos a\u00f1os. Hesian crece de disco en disco, sus canciones nunca han perdido la cercan\u00eda necesaria para contactar con el p\u00fablico. Canciones que atraen por su melod\u00eda y sinton\u00eda. El secreto de los temas de Hesian est\u00e1 en mezclar de manera sublime lo negro con lo blanco. Hesian contrasta en \u201cHegalak astinduz\u201d la suave y dulce voz de Zuri\u00f1e con la intensidad de Fran, la suma se traduce en que a las canciones se le han conferido un contenido que siembra semillas de acogimiento y que gusta al oyente. Los torbellinos de Iker a la guitarra traen el aplacamiento de la secci\u00f3n de viento. Todo esto har\u00e1 que Hesian nos muestre un disco m\u00e1s rockero sin desestimar la fiesta y la actitud comprometida. Bater\u00edas y bajos retumban con gui\u00f1o que embruja. Hesian es la contraprestaci\u00f3n del rock con sonidos poperos sin escatimar escarceos de toque punk. Hesian ha escrito letras de enjundia en este disco profundo, vivo y din\u00e1mico.<\/p>\n","protected":false},"excerpt":{"rendered":"<p>Hesian edita su sexto disco con el t\u00edtulo \u201cHegalak astinduz\u201d (Sacudiendo las alas). Si, algo se est\u00e1 transformando en Hesian, quiz\u00e1 mucho. Al escuchar las canciones estas nos aportar\u00e1n bastante [&hellip;]<\/p>\n","protected":false},"featured_media":758,"comment_status":"open","ping_status":"closed","template":"","meta":{"_acf_changed":false,"_et_pb_use_builder":"","_et_pb_old_content":"","_et_gb_content_width":""},"product_brand":[145],"product_cat":[225],"product_tag":[242],"class_list":{"0":"post-8978","1":"product","2":"type-product","3":"status-publish","4":"has-post-thumbnail","6":"product_brand-hesian","7":"product_cat-cd-es","8":"product_tag-rock-es","10":"first","11":"instock","12":"sale","13":"taxable","14":"shipping-taxable","15":"purchasable","16":"product-type-simple"},"acf":[],"_links":{"self":[{"href":"https:\/\/baga-biga.eus\/es\/wp-json\/wp\/v2\/product\/8978","targetHints":{"allow":["GET"]}}],"collection":[{"href":"https:\/\/baga-biga.eus\/es\/wp-json\/wp\/v2\/product"}],"about":[{"href":"https:\/\/baga-biga.eus\/es\/wp-json\/wp\/v2\/types\/product"}],"replies":[{"embeddable":true,"href":"https:\/\/baga-biga.eus\/es\/wp-json\/wp\/v2\/comments?post=8978"}],"wp:featuredmedia":[{"embeddable":true,"href":"https:\/\/baga-biga.eus\/es\/wp-json\/wp\/v2\/media\/758"}],"wp:attachment":[{"href":"https:\/\/baga-biga.eus\/es\/wp-json\/wp\/v2\/media?parent=8978"}],"wp:term":[{"taxonomy":"product_brand","embeddable":true,"href":"https:\/\/baga-biga.eus\/es\/wp-json\/wp\/v2\/product_brand?post=8978"},{"taxonomy":"product_cat","embeddable":true,"href":"https:\/\/baga-biga.eus\/es\/wp-json\/wp\/v2\/product_cat?post=8978"},{"taxonomy":"product_tag","embeddable":true,"href":"https:\/\/baga-biga.eus\/es\/wp-json\/wp\/v2\/product_tag?post=8978"}],"curies":[{"name":"wp","href":"https:\/\/api.w.org\/{rel}","templated":true}]}}