{"id":8977,"date":"2025-02-18T12:35:15","date_gmt":"2025-02-18T11:35:15","guid":{"rendered":"https:\/\/baga-biga.eus\/produktua\/sua\/"},"modified":"2025-04-18T15:40:08","modified_gmt":"2025-04-18T13:40:08","slug":"sua","status":"publish","type":"product","link":"https:\/\/baga-biga.eus\/es\/producto\/sua\/","title":{"rendered":"Sua CD"},"content":{"rendered":"<p>Emon presenta su tercer disco, \u00abSua\u00bb (Fuego). Emon tiene cada vez m\u00e1s recursos musicales a su alcance. Sobre el anterior trabajo se dijo que \u00abEmon se ilusionaba con hacer bailar a la gente con el disco y en el directo m\u00e1s madera para el caliente fuego\u00bb. Las previsiones de aquellas palabras se cumplen. Emon sabe que tiene buen material y para realzarlo se ha involucrado plenamente en la producci\u00f3n musical. Ritmos sofocantes id\u00f3neos para bailar y as\u00ed desatar la fiesta, sudor a raudales. Si a todo esto le tuvi\u00e9ramos que poner t\u00e9rminos musicales hablar\u00edamos de un c\u00f3ctel r\u00edtmico en el que el rock, ska, la cumbia, el merengue, el reggae, el rap, rumba y aleda\u00f1os campan arm\u00f3nicamente. La filosof\u00eda musical de Emon y de \u00abSua\u00bb es organizar la fiesta m\u00e1s preferida o favorita para todo el p\u00fablico. Pero Emon no quiere dejar de lado y en olvido la situaci\u00f3n tan insolente que vivimos, y en sus letras hay tiempo de compromiso social. Emon con su m\u00fasica nos llevar\u00e1 a mover el cuerpo y con sus letras a reflexi\u00f3n pol\u00edtica. Fuego, por favor, y no es para prender cigarrillo alguno.<\/p>\n","protected":false},"excerpt":{"rendered":"<p>CD Sua de Emon<\/p>\n","protected":false},"featured_media":757,"comment_status":"open","ping_status":"closed","template":"","meta":{"_acf_changed":false,"_et_pb_use_builder":"","_et_pb_old_content":"","_et_gb_content_width":""},"product_brand":[122],"product_cat":[225],"product_tag":[242],"class_list":{"0":"post-8977","1":"product","2":"type-product","3":"status-publish","4":"has-post-thumbnail","6":"product_brand-emon","7":"product_cat-cd-es","8":"product_tag-rock-es","10":"first","11":"instock","12":"sale","13":"taxable","14":"shipping-taxable","15":"purchasable","16":"product-type-simple"},"acf":[],"_links":{"self":[{"href":"https:\/\/baga-biga.eus\/es\/wp-json\/wp\/v2\/product\/8977","targetHints":{"allow":["GET"]}}],"collection":[{"href":"https:\/\/baga-biga.eus\/es\/wp-json\/wp\/v2\/product"}],"about":[{"href":"https:\/\/baga-biga.eus\/es\/wp-json\/wp\/v2\/types\/product"}],"replies":[{"embeddable":true,"href":"https:\/\/baga-biga.eus\/es\/wp-json\/wp\/v2\/comments?post=8977"}],"wp:featuredmedia":[{"embeddable":true,"href":"https:\/\/baga-biga.eus\/es\/wp-json\/wp\/v2\/media\/757"}],"wp:attachment":[{"href":"https:\/\/baga-biga.eus\/es\/wp-json\/wp\/v2\/media?parent=8977"}],"wp:term":[{"taxonomy":"product_brand","embeddable":true,"href":"https:\/\/baga-biga.eus\/es\/wp-json\/wp\/v2\/product_brand?post=8977"},{"taxonomy":"product_cat","embeddable":true,"href":"https:\/\/baga-biga.eus\/es\/wp-json\/wp\/v2\/product_cat?post=8977"},{"taxonomy":"product_tag","embeddable":true,"href":"https:\/\/baga-biga.eus\/es\/wp-json\/wp\/v2\/product_tag?post=8977"}],"curies":[{"name":"wp","href":"https:\/\/api.w.org\/{rel}","templated":true}]}}