{"id":8970,"date":"2025-02-18T12:35:16","date_gmt":"2025-02-18T11:35:16","guid":{"rendered":"https:\/\/baga-biga.eus\/produktua\/noa\/"},"modified":"2025-06-28T22:16:40","modified_gmt":"2025-06-28T20:16:40","slug":"noa","status":"publish","type":"product","link":"https:\/\/baga-biga.eus\/es\/producto\/noa\/","title":{"rendered":"Noa CD"},"content":{"rendered":"<p>Esne Beltza presenta un segundo disco (noa) lleno de m\u00faltiples sonidos. Esne Beltza es basque global roots. En Esne Beltza todos los ritmos hablan por su nombre, los de all\u00ed con los de aqu\u00ed. En el c\u00e1ntaro de Esne Beltza encontraremos colores, pluralidad y el presente convertidos en la base musical del sujeto popular. Esne Beltza nos acerca a esos pueblos peque\u00f1os, rebeldes, para recordarnos abiertamente con sus empapados sonidos duraderos el placer de los sentimientos y que las cosas son como son, sin perder las ra\u00edces populares, y no como nos las venden. Esne Beltza crea sobre lo creado y reflexiona con las m\u00fasicas de aqu\u00ed y de all\u00ed yendo a sus lugares de origen, siempre reivindicando que van y son de todas partes. El disco de Esne Beltza nos ense\u00f1a el mundo por medio de canciones rebeldes. Pluralidad, fuerza agitadora de la culturas minorizadas. aunque utilice un sinf\u00edn de estilos musicales, dos hilos conductores homogenizan el disco de Esne Beltza: por un lado, el atractivo e impulsivo sonido de la triki y, por otro, el vigor dulce de la voz de Xabi. Esne Beltza no es un desparrame de canciones sueltas sin ton ni son. la fortaleza de Esne Beltza radica en que guarda cuidadosamente todos los ritmos musicales que trabaja y los une de la forma m\u00e1s natural posible. la siguiente mara\u00f1a de estilos musicales es lo que se puede encontrar en Esne Beltza: roots world, m\u00fasica de raiz, rebel music&#038;roots, sonidos rebeldes e indomables, triki, global basque roots, cumbia, corridos, ska, disco-ska, reggae, dancehall, accid-jazz, valenato, sonidero, porr\u00f3, soul, rap, rumba africana, dub, hip-hop, rock, reggae-ska-rock, soukhous, son cubano, rap \u00e1rabe, reggaeton, flamenco, mbalax, country americano, canto italiano, tex-mex, ritmos tropicales, cumbia colombiana, m\u00fasica negra, mariachis, salsa, mambo, drum&#038;bass, souk, charanga, timba\u2026 Esne Beltza es una fiesta, vocer\u00edo y compromiso de melod\u00edas de ra\u00edz de todo el mundo. Esne Beltza es rebel music&#038;roots.<\/p>\n","protected":false},"excerpt":{"rendered":"<p>CD Noa de Esne Beltza<\/p>\n","protected":false},"featured_media":798,"comment_status":"open","ping_status":"closed","template":"","meta":{"_acf_changed":false,"_et_pb_use_builder":"","_et_pb_old_content":"","_et_gb_content_width":""},"product_brand":[178],"product_cat":[225],"product_tag":[259,268,242],"class_list":{"0":"post-8970","1":"product","2":"type-product","3":"status-publish","4":"has-post-thumbnail","6":"product_brand-esne-beltza","7":"product_cat-cd-es","8":"product_tag-folk-es","9":"product_tag-reggae-es","10":"product_tag-rock-es","12":"first","13":"instock","14":"sale","15":"taxable","16":"shipping-taxable","17":"purchasable","18":"product-type-simple"},"acf":[],"_links":{"self":[{"href":"https:\/\/baga-biga.eus\/es\/wp-json\/wp\/v2\/product\/8970","targetHints":{"allow":["GET"]}}],"collection":[{"href":"https:\/\/baga-biga.eus\/es\/wp-json\/wp\/v2\/product"}],"about":[{"href":"https:\/\/baga-biga.eus\/es\/wp-json\/wp\/v2\/types\/product"}],"replies":[{"embeddable":true,"href":"https:\/\/baga-biga.eus\/es\/wp-json\/wp\/v2\/comments?post=8970"}],"wp:featuredmedia":[{"embeddable":true,"href":"https:\/\/baga-biga.eus\/es\/wp-json\/wp\/v2\/media\/798"}],"wp:attachment":[{"href":"https:\/\/baga-biga.eus\/es\/wp-json\/wp\/v2\/media?parent=8970"}],"wp:term":[{"taxonomy":"product_brand","embeddable":true,"href":"https:\/\/baga-biga.eus\/es\/wp-json\/wp\/v2\/product_brand?post=8970"},{"taxonomy":"product_cat","embeddable":true,"href":"https:\/\/baga-biga.eus\/es\/wp-json\/wp\/v2\/product_cat?post=8970"},{"taxonomy":"product_tag","embeddable":true,"href":"https:\/\/baga-biga.eus\/es\/wp-json\/wp\/v2\/product_tag?post=8970"}],"curies":[{"name":"wp","href":"https:\/\/api.w.org\/{rel}","templated":true}]}}