{"id":8961,"date":"2025-02-18T12:35:16","date_gmt":"2025-02-18T11:35:16","guid":{"rendered":"https:\/\/baga-biga.eus\/produktua\/puro-infierno\/"},"modified":"2026-01-30T09:06:51","modified_gmt":"2026-01-30T08:06:51","slug":"puro-infierno","status":"publish","type":"product","link":"https:\/\/baga-biga.eus\/es\/producto\/puro-infierno\/","title":{"rendered":"Puro infierno CD"},"content":{"rendered":"<p>Vendetta en su segundo disco \u201cPuro in\ufb01 erno\u201d mana todav\u00eda m\u00e1s alegr\u00eda que en el primero. La alegr\u00eda no est\u00e1 en lucha con estar vigilante y listo, y menos con este sistema que lo que ofrece nos es m\u00e1s que puro in\ufb01 erno disfrazado de estado de bienestar. Vendetta se enfrenta a la sumisi\u00f3n intelectual y a la fe del poder que hace promoci\u00f3n exacerbada de la ley. Pero Vendetta con su m\u00fasica no desde\u00f1a el fragor de la \ufb01 esta, siempre atento, a carcajada y a vocer\u00edo limpio. Toda la vida es una constante lucha y Vendetta viene a defender tanto la vida como la m\u00fasica de una forma s\u00f3lida, intensa e incisiva. Vendetta es en \u201cPuro in\ufb01 erno\u201d un compendio musical sujeto a ritmos de ska al que le acompa\u00f1an sonidos reggae, rocksteady, ska-mex, rancheras, tex-mex, patxanga y ska-reggae, todo ello aderezado con una referencia constante de intenso y potente rock. Ritmos alegres y vivos son los que de\ufb01 nen la m\u00fasica de Vendetta, siempre dispuesta a la chanza diaria, siempre preparada para vivir con actitud. Vendetta es en todo momento una banda de ritmo ska para bailar. Vendetta es aut\u00e9ntico, castizo, vivaracho, hacedor de ambiente festivo y con la sonrisa pegada en los labios.<\/p>\n","protected":false},"excerpt":{"rendered":"<p>Vendetta Puro infierno CDa<\/p>\n","protected":false},"featured_media":62745,"comment_status":"open","ping_status":"closed","template":"","meta":{"_acf_changed":false,"_et_pb_use_builder":"","_et_pb_old_content":"","_et_gb_content_width":""},"product_brand":[138],"product_cat":[225],"product_tag":[264,242,270],"class_list":{"0":"post-8961","1":"product","2":"type-product","3":"status-publish","4":"has-post-thumbnail","6":"product_brand-vendetta","7":"product_cat-cd-es","8":"product_tag-pop-es","9":"product_tag-rock-es","10":"product_tag-ska-es","12":"first","13":"instock","14":"sale","15":"taxable","16":"shipping-taxable","17":"purchasable","18":"product-type-simple"},"acf":[],"_links":{"self":[{"href":"https:\/\/baga-biga.eus\/es\/wp-json\/wp\/v2\/product\/8961","targetHints":{"allow":["GET"]}}],"collection":[{"href":"https:\/\/baga-biga.eus\/es\/wp-json\/wp\/v2\/product"}],"about":[{"href":"https:\/\/baga-biga.eus\/es\/wp-json\/wp\/v2\/types\/product"}],"replies":[{"embeddable":true,"href":"https:\/\/baga-biga.eus\/es\/wp-json\/wp\/v2\/comments?post=8961"}],"wp:featuredmedia":[{"embeddable":true,"href":"https:\/\/baga-biga.eus\/es\/wp-json\/wp\/v2\/media\/62745"}],"wp:attachment":[{"href":"https:\/\/baga-biga.eus\/es\/wp-json\/wp\/v2\/media?parent=8961"}],"wp:term":[{"taxonomy":"product_brand","embeddable":true,"href":"https:\/\/baga-biga.eus\/es\/wp-json\/wp\/v2\/product_brand?post=8961"},{"taxonomy":"product_cat","embeddable":true,"href":"https:\/\/baga-biga.eus\/es\/wp-json\/wp\/v2\/product_cat?post=8961"},{"taxonomy":"product_tag","embeddable":true,"href":"https:\/\/baga-biga.eus\/es\/wp-json\/wp\/v2\/product_tag?post=8961"}],"curies":[{"name":"wp","href":"https:\/\/api.w.org\/{rel}","templated":true}]}}