{"id":8953,"date":"2025-02-18T12:35:16","date_gmt":"2025-02-18T11:35:16","guid":{"rendered":"https:\/\/baga-biga.eus\/produktua\/ari-du\/"},"modified":"2025-04-18T15:40:01","modified_gmt":"2025-04-18T13:40:01","slug":"ari-du","status":"publish","type":"product","link":"https:\/\/baga-biga.eus\/es\/producto\/ari-du\/","title":{"rendered":"Ari Du DVD"},"content":{"rendered":"<p>Ten\u00edamos claro desde el principio que lo que distingue los bailes siempre es el ritmo. De hecho, un bailar\u00edn puede diferenciar f\u00e1cilmente un fandango, un arin-arin. Vimos que la lluvia era un elemento claro para poder marcar el ritmo, ya que puede encontrarse en varios estados: llovizna, una gotera, una tormenta. Para realizar este espect\u00e1culo nos hemos basado en los distintos ritmos de la lluvia. No quer\u00edamos crear este espect\u00e1culo solo con el baile y despu\u00e9s de examinar distintos modos literarios, nos decantamos por la poes\u00eda, ya que nos pareci\u00f3 que era el que mejor marcaba el ritmo de la lluvia. La medida de los versos, las rimas, el recitado pueden marcar diferentes ritmos y esto nos da pie a unir la poes\u00eda con la danza. Las situaciones que se describen en los poemas tambi\u00e9n nos ayudar\u00e1n a comprender esta uni\u00f3n.<\/p>\n","protected":false},"excerpt":{"rendered":"<p>DVD Ari Du de Oinkari<\/p>\n","protected":false},"featured_media":785,"comment_status":"open","ping_status":"closed","template":"","meta":{"_acf_changed":false,"_et_pb_use_builder":"","_et_pb_old_content":"","_et_gb_content_width":""},"product_brand":[110],"product_cat":[80],"product_tag":[259],"class_list":{"0":"post-8953","1":"product","2":"type-product","3":"status-publish","4":"has-post-thumbnail","6":"product_brand-oinkari","7":"product_cat-dvd-es","8":"product_tag-folk-es","10":"first","11":"instock","12":"sale","13":"taxable","14":"shipping-taxable","15":"purchasable","16":"product-type-simple"},"acf":[],"_links":{"self":[{"href":"https:\/\/baga-biga.eus\/es\/wp-json\/wp\/v2\/product\/8953","targetHints":{"allow":["GET"]}}],"collection":[{"href":"https:\/\/baga-biga.eus\/es\/wp-json\/wp\/v2\/product"}],"about":[{"href":"https:\/\/baga-biga.eus\/es\/wp-json\/wp\/v2\/types\/product"}],"replies":[{"embeddable":true,"href":"https:\/\/baga-biga.eus\/es\/wp-json\/wp\/v2\/comments?post=8953"}],"wp:featuredmedia":[{"embeddable":true,"href":"https:\/\/baga-biga.eus\/es\/wp-json\/wp\/v2\/media\/785"}],"wp:attachment":[{"href":"https:\/\/baga-biga.eus\/es\/wp-json\/wp\/v2\/media?parent=8953"}],"wp:term":[{"taxonomy":"product_brand","embeddable":true,"href":"https:\/\/baga-biga.eus\/es\/wp-json\/wp\/v2\/product_brand?post=8953"},{"taxonomy":"product_cat","embeddable":true,"href":"https:\/\/baga-biga.eus\/es\/wp-json\/wp\/v2\/product_cat?post=8953"},{"taxonomy":"product_tag","embeddable":true,"href":"https:\/\/baga-biga.eus\/es\/wp-json\/wp\/v2\/product_tag?post=8953"}],"curies":[{"name":"wp","href":"https:\/\/api.w.org\/{rel}","templated":true}]}}