{"id":8944,"date":"2025-02-18T12:35:16","date_gmt":"2025-02-18T11:35:16","guid":{"rendered":"https:\/\/baga-biga.eus\/produktua\/fruitua\/"},"modified":"2025-04-18T15:40:16","modified_gmt":"2025-04-18T13:40:16","slug":"fruitua","status":"publish","type":"product","link":"https:\/\/baga-biga.eus\/es\/producto\/fruitua\/","title":{"rendered":"Fruitua CD"},"content":{"rendered":"<p>Borja Estankona edita su segundo disco de t\u00edtulo \u00abFruitua\u00bb. El cantante Estankona en este \u00abFruitua\u00bb compone canciones con ritmos y de estilos musicales diferentes pero este contraste no indica que no haya cierta linealidad en su trabajo. La paleta estil\u00edstica y los variados ritmos que Estancona utiliza van desde el vals, reggae, rock, country americano, ska\u00e2\u20ac\u00a6 pero siempre con una sensaci\u00f3n de sensibilidad sosegada dentro de ese contrate. Esa es la linealidad propuesta por Estankona en este disco generoso y estimable desde un principio. Pero hay otro contraste en los dos \u00faltimos embates musicales del disco. En la pen\u00faltima, una subida musical contenida en fuerza le da potencia a ese tema. La canci\u00f3n que cierra el disco es casi un bucle que gira en su propia melod\u00eda de forma cari\u00f1osa en sus diez minutos de duraci\u00f3n donde las peque\u00f1s cosas de la vida cotidiana guardan lo m\u00e1s grande. Estankona en sus letras mira hacia adentro y dice las cosas desde muy dentro, algunas veces surrealisticamente, otras con la forma cruda y real de la vida.<\/p>\n","protected":false},"excerpt":{"rendered":"<p>CD Fruitua de Borja Estankona<\/p>\n","protected":false},"featured_media":775,"comment_status":"open","ping_status":"closed","template":"","meta":{"_acf_changed":false,"_et_pb_use_builder":"","_et_pb_old_content":"","_et_gb_content_width":""},"product_brand":[137],"product_cat":[225],"product_tag":[268,242,270],"class_list":{"0":"post-8944","1":"product","2":"type-product","3":"status-publish","4":"has-post-thumbnail","6":"product_brand-borja-estankona","7":"product_cat-cd-es","8":"product_tag-reggae-es","9":"product_tag-rock-es","10":"product_tag-ska-es","12":"first","13":"instock","14":"sale","15":"taxable","16":"shipping-taxable","17":"purchasable","18":"product-type-simple"},"acf":[],"_links":{"self":[{"href":"https:\/\/baga-biga.eus\/es\/wp-json\/wp\/v2\/product\/8944","targetHints":{"allow":["GET"]}}],"collection":[{"href":"https:\/\/baga-biga.eus\/es\/wp-json\/wp\/v2\/product"}],"about":[{"href":"https:\/\/baga-biga.eus\/es\/wp-json\/wp\/v2\/types\/product"}],"replies":[{"embeddable":true,"href":"https:\/\/baga-biga.eus\/es\/wp-json\/wp\/v2\/comments?post=8944"}],"wp:featuredmedia":[{"embeddable":true,"href":"https:\/\/baga-biga.eus\/es\/wp-json\/wp\/v2\/media\/775"}],"wp:attachment":[{"href":"https:\/\/baga-biga.eus\/es\/wp-json\/wp\/v2\/media?parent=8944"}],"wp:term":[{"taxonomy":"product_brand","embeddable":true,"href":"https:\/\/baga-biga.eus\/es\/wp-json\/wp\/v2\/product_brand?post=8944"},{"taxonomy":"product_cat","embeddable":true,"href":"https:\/\/baga-biga.eus\/es\/wp-json\/wp\/v2\/product_cat?post=8944"},{"taxonomy":"product_tag","embeddable":true,"href":"https:\/\/baga-biga.eus\/es\/wp-json\/wp\/v2\/product_tag?post=8944"}],"curies":[{"name":"wp","href":"https:\/\/api.w.org\/{rel}","templated":true}]}}