{"id":8931,"date":"2025-02-18T12:35:17","date_gmt":"2025-02-18T11:35:17","guid":{"rendered":"https:\/\/baga-biga.eus\/produktua\/katuek-bezala\/"},"modified":"2025-12-25T22:30:32","modified_gmt":"2025-12-25T21:30:32","slug":"katuek-bezala","status":"publish","type":"product","link":"https:\/\/baga-biga.eus\/es\/producto\/katuek-bezala\/","title":{"rendered":"Katuek bezala CD"},"content":{"rendered":"<p>The Uski&#8217;s anda muy caliente, en celo, como los cantos, como los gatos, y partiendo de esa base han puesto como t\u00edtulo al disco \u00abKatuek bezala\u00bb (Como los gatos). El disco, tamb\u00eden, se sube por las paredes (los gatos lo hacen), pocas ganas de estar con los pies en el suelo, como es l\u00f3gico. Bailando los pies rozan el suelo y se levantan al instante siguiente. El disco \u00abKatuen bezala\u00bb contiene la homogeneidad que emanan las canciones para que sean bailadas alegremente. Esto no quiere decir que The Uski&#8217;s se aleje de su usual m\u00fasica y estilo, pero vamos a encontrar un The Uski&#8217;s nuevo. El disco \u00abKatuek bezala\u00bb se acompa\u00f1 de un The Uski&#8217;s bastante m\u00e1s completo que el anterior. Las canciones est\u00e1n llenas de vitalidad. Cada tema tiene su propia personalidad sonora y esto puede dar la impresi\u00f3n que The Uski&#8217;s es diferente en cada canci\u00f3n. No, esas diferencias son las que hacen que el disco tenga una unidad en la sonoridad est\u00e9tica. The Uski&#8217;s viene rebosando riqueza sonora. En los discos anteriores no pod\u00edamos encontrar el aluvi\u00f3n de soniditos y detalles. No hay m\u00e1s que mirar los cr\u00e9ditos del disco para darse cuenta de lo que hemos dicho un poco m\u00e1s arriba. La lista de instrumentos utilizados no es banal, dejan huella en la complicidad de cada escucha que tiene que realizarse con atenci\u00f3n y esmero. Aunque el disco tenga ese tropell\u00f3n de detalles, eso no lleva a The Uski&#8217;s a perder un \u00e1pice de frescura. El torbellino sonoro uskiano es impresionante: rock and roll y a\u00f1ejo, blues, m\u00fasica negra, pop, sonido Nashville, esp\u00edritu de los 60, meollo playero californiano, esencia Clash-Beatles-Clapton\u00a6 Ciertamente rico, de ver\u00e1s un disco valioso. Lo que The Uski&#8217;s escribe con letra peque\u00f1 es joya y eso hace que estemos delante un The Uski&#8217;s m\u00e1s que interesante.<\/p>\n","protected":false},"excerpt":{"rendered":"<p>CD Katuek bezala de The Uski&#8217;s<\/p>\n","protected":false},"featured_media":805,"comment_status":"open","ping_status":"closed","template":"","meta":{"_acf_changed":false,"_et_pb_use_builder":"","_et_pb_old_content":"","_et_gb_content_width":""},"product_brand":[158],"product_cat":[225],"product_tag":[264,242],"class_list":{"0":"post-8931","1":"product","2":"type-product","3":"status-publish","4":"has-post-thumbnail","6":"product_brand-the-uskis","7":"product_cat-cd-es","8":"product_tag-pop-es","9":"product_tag-rock-es","11":"first","12":"instock","13":"sale","14":"taxable","15":"shipping-taxable","16":"purchasable","17":"product-type-simple"},"acf":[],"_links":{"self":[{"href":"https:\/\/baga-biga.eus\/es\/wp-json\/wp\/v2\/product\/8931","targetHints":{"allow":["GET"]}}],"collection":[{"href":"https:\/\/baga-biga.eus\/es\/wp-json\/wp\/v2\/product"}],"about":[{"href":"https:\/\/baga-biga.eus\/es\/wp-json\/wp\/v2\/types\/product"}],"replies":[{"embeddable":true,"href":"https:\/\/baga-biga.eus\/es\/wp-json\/wp\/v2\/comments?post=8931"}],"wp:featuredmedia":[{"embeddable":true,"href":"https:\/\/baga-biga.eus\/es\/wp-json\/wp\/v2\/media\/805"}],"wp:attachment":[{"href":"https:\/\/baga-biga.eus\/es\/wp-json\/wp\/v2\/media?parent=8931"}],"wp:term":[{"taxonomy":"product_brand","embeddable":true,"href":"https:\/\/baga-biga.eus\/es\/wp-json\/wp\/v2\/product_brand?post=8931"},{"taxonomy":"product_cat","embeddable":true,"href":"https:\/\/baga-biga.eus\/es\/wp-json\/wp\/v2\/product_cat?post=8931"},{"taxonomy":"product_tag","embeddable":true,"href":"https:\/\/baga-biga.eus\/es\/wp-json\/wp\/v2\/product_tag?post=8931"}],"curies":[{"name":"wp","href":"https:\/\/api.w.org\/{rel}","templated":true}]}}