{"id":8928,"date":"2025-02-18T12:35:17","date_gmt":"2025-02-18T11:35:17","guid":{"rendered":"https:\/\/baga-biga.eus\/produktua\/ii\/"},"modified":"2025-04-18T15:40:23","modified_gmt":"2025-04-18T13:40:23","slug":"ii","status":"publish","type":"product","link":"https:\/\/baga-biga.eus\/es\/producto\/ii\/","title":{"rendered":"II CD"},"content":{"rendered":"<p>Laia imprime a su segundo disco \u201cII\u201d una carga de sentimiento que no hab\u00eda tenido hasta el momento. Este nuevo trabajo de Laia surge desde el coraz\u00f3n y est\u00e1 cocinado a fuego lento. Laia no ha andado con prisas, se ha tomado el tiempo necesario para editar un disco de lo m\u00e1s  sincero y honesto, dentro de las posibilidades t\u00e9cnicas a las que ha tenido acceso el grupo. Casi toda la grabaci\u00f3n la ha realizado Laia. Lo que quedaba fuera del alcance de su conocimiento ha tenido la ayuda  t\u00e9cnica  en las mezclas y en la masterizaci\u00f3n. Laia ha trabajado su propia personalidad musical. Laia ha encontrado la direcci\u00f3n y construcci\u00f3n de sus canciones de una forma muy correcta y directa, sin darle muchas vueltas. Laia comienza el disco abriendo una cajita de m\u00fasica con una composici\u00f3n de ellos que despu\u00e1s se repetir\u00e1 en la siguiente canci\u00f3n. La cajita de m\u00fasica es un regalo, una sorpresa para nuestros oidos. Los acordes que emana la cajita de m\u00fasica nos pueden estar despertando y, quiz\u00e1, preparandonos para un placentero sue\u00f1o. As\u00ed es Laia, una conjunci\u00f3n copulativa que no plantea disyuntiva alguna. Nos acerca a dos mundos musicales diferente y, adem\u00e1s, los cose con hilo bien fino. Laia pisa la potente zona metalera con suavidad y ternura. Laia ofrece una mezcla de sonidos duros con voces apasionantes y fr\u00e1giles. Laia nos derretir\u00e1. Pero Laia tambi\u00e9n sabe cantar con voz \u00e1spera y dura y, de pronto nos amasa con unas voces en falsete alucinantes. Laia conjuga en si mismo el d\u00eda y la noche. Laia en cada canci\u00f3n muestra su reverso. Dos mundos antag\u00f3nicos unidos con armonia y deleite para conformar un disco lleno de melod\u00eda y encanto. Laia anda muy suelto en las vertientes metaleras y del rock mel\u00f3dico.<\/p>\n","protected":false},"excerpt":{"rendered":"<p>CD + DVD II de Laia<\/p>\n","protected":false},"featured_media":802,"comment_status":"open","ping_status":"closed","template":"","meta":{"_acf_changed":false,"_et_pb_use_builder":"","_et_pb_old_content":"","_et_gb_content_width":""},"product_brand":[149],"product_cat":[225],"product_tag":[242],"class_list":{"0":"post-8928","1":"product","2":"type-product","3":"status-publish","4":"has-post-thumbnail","6":"product_brand-laia","7":"product_cat-cd-es","8":"product_tag-rock-es","10":"first","11":"instock","12":"sale","13":"taxable","14":"shipping-taxable","15":"purchasable","16":"product-type-simple"},"acf":[],"_links":{"self":[{"href":"https:\/\/baga-biga.eus\/es\/wp-json\/wp\/v2\/product\/8928","targetHints":{"allow":["GET"]}}],"collection":[{"href":"https:\/\/baga-biga.eus\/es\/wp-json\/wp\/v2\/product"}],"about":[{"href":"https:\/\/baga-biga.eus\/es\/wp-json\/wp\/v2\/types\/product"}],"replies":[{"embeddable":true,"href":"https:\/\/baga-biga.eus\/es\/wp-json\/wp\/v2\/comments?post=8928"}],"wp:featuredmedia":[{"embeddable":true,"href":"https:\/\/baga-biga.eus\/es\/wp-json\/wp\/v2\/media\/802"}],"wp:attachment":[{"href":"https:\/\/baga-biga.eus\/es\/wp-json\/wp\/v2\/media?parent=8928"}],"wp:term":[{"taxonomy":"product_brand","embeddable":true,"href":"https:\/\/baga-biga.eus\/es\/wp-json\/wp\/v2\/product_brand?post=8928"},{"taxonomy":"product_cat","embeddable":true,"href":"https:\/\/baga-biga.eus\/es\/wp-json\/wp\/v2\/product_cat?post=8928"},{"taxonomy":"product_tag","embeddable":true,"href":"https:\/\/baga-biga.eus\/es\/wp-json\/wp\/v2\/product_tag?post=8928"}],"curies":[{"name":"wp","href":"https:\/\/api.w.org\/{rel}","templated":true}]}}