{"id":8886,"date":"2025-03-22T21:19:39","date_gmt":"2025-03-22T20:19:39","guid":{"rendered":"https:\/\/baga-biga.eus\/?post_type=product&#038;p=8886"},"modified":"2025-04-18T15:40:54","modified_gmt":"2025-04-18T13:40:54","slug":"irrikitan-cd","status":"publish","type":"product","link":"https:\/\/baga-biga.eus\/es\/producto\/irrikitan-cd\/","title":{"rendered":"Irrikitan CD"},"content":{"rendered":"<p>El segundo disco de Kilimak se titula \u201cIrrikitan\u201d. Ha sido grabado en septiembre y octubre de 2024 por Paxkal Etxepare. Las canciones y letras son de Agus Garmendia. Arreglos: Yosmel Lazo, Roqui Albero y Agus Garmendia. Colaboran: Gorka Pastor (arreglos, Mujer luchadora), Battit Etxart (teclados). El dise\u00f1o es de Andoni Clavo.<\/p>\n<p>Kilimak ha realizado un cambio sustancial en \u201cIrrikitan\u201d su segundo disco. Kilimak se autodefini\u00f3 con el t\u00edtulo de su primer disco: \u201cKilimak, Euskal Herriko runba\u201d. S\u00ed, esto ha ocurrido algunas veces para expresar qu\u00e9 estilo musical se aborda y Kilimak di\u00f3 en el clavo al decir que era la rumba de Euskal Herria. Pero aqu\u00ed hay un pero. En la actualidad, y para decirlo m\u00e1s acertadamente, en el segundo disco, Kilimak, no es tan rumbero. El \u00e1lbum consta de ocho canciones y s\u00f3lo dos miran a la rumba, y ah\u00ed radica el cambio m\u00e1s significativo. No es tan rumbero. Ha hecho una evoluci\u00f3n de cambio desde la rumba catalana a los ritmos dominicanos, latinos y caribe\u00f1os. El n\u00facleo de \u201cIrrikitan\u201d ha pasado a melod\u00edas merengues, pero eso no indica perder la esencia de las canciones y de los conciertos. La locura de la jaia, la fiesta, el baile y la algarab\u00eda siguen siendo el car\u00e1cter conceptual de la banda. Las canciones han mezclado el meregue de la Rep\u00fablica Dominicana con ciertos toques electr\u00f3nicos acoplados a un pop f\u00e1cil, pegadizo y bailable. Kilimak ser\u00eda uno de los primeros en hacer rumba en euskera. Ahora tambi\u00e9n se puede decir que en el estilo meregue-pop Kilimak estar\u00e1 entre los primeros que lo hayan trabajado en euskera. Todas las canciones del disco son caricias, una invitaci\u00f3n abierta a la fiesta para que la impresionante propuesta de baile no termine mientras ellos tocan. Y nos dejar\u00e1n con el ansia de volver a escuchar el disco para acercarnos de nuevo a sus conciertos. S\u00ed, Kilimak se ha ido al Caribe.<\/p>\n","protected":false},"excerpt":{"rendered":"<p>CD Irrikitan de Kilimak<\/p>\n","protected":false},"featured_media":58547,"comment_status":"open","ping_status":"closed","template":"","meta":{"_acf_changed":false,"_et_pb_use_builder":"","_et_pb_old_content":"","_et_gb_content_width":""},"product_brand":[132],"product_cat":[225],"product_tag":[263,264,269],"class_list":{"0":"post-8886","1":"product","2":"type-product","3":"status-publish","4":"has-post-thumbnail","6":"product_brand-kilimak","7":"product_cat-cd-es","8":"product_tag-latino-es","9":"product_tag-pop-es","10":"product_tag-rumba-es","12":"first","13":"instock","14":"taxable","15":"shipping-taxable","16":"purchasable","17":"product-type-simple"},"acf":[],"_links":{"self":[{"href":"https:\/\/baga-biga.eus\/es\/wp-json\/wp\/v2\/product\/8886","targetHints":{"allow":["GET"]}}],"collection":[{"href":"https:\/\/baga-biga.eus\/es\/wp-json\/wp\/v2\/product"}],"about":[{"href":"https:\/\/baga-biga.eus\/es\/wp-json\/wp\/v2\/types\/product"}],"replies":[{"embeddable":true,"href":"https:\/\/baga-biga.eus\/es\/wp-json\/wp\/v2\/comments?post=8886"}],"wp:featuredmedia":[{"embeddable":true,"href":"https:\/\/baga-biga.eus\/es\/wp-json\/wp\/v2\/media\/58547"}],"wp:attachment":[{"href":"https:\/\/baga-biga.eus\/es\/wp-json\/wp\/v2\/media?parent=8886"}],"wp:term":[{"taxonomy":"product_brand","embeddable":true,"href":"https:\/\/baga-biga.eus\/es\/wp-json\/wp\/v2\/product_brand?post=8886"},{"taxonomy":"product_cat","embeddable":true,"href":"https:\/\/baga-biga.eus\/es\/wp-json\/wp\/v2\/product_cat?post=8886"},{"taxonomy":"product_tag","embeddable":true,"href":"https:\/\/baga-biga.eus\/es\/wp-json\/wp\/v2\/product_tag?post=8886"}],"curies":[{"name":"wp","href":"https:\/\/api.w.org\/{rel}","templated":true}]}}