{"id":8881,"date":"2025-03-23T18:32:18","date_gmt":"2025-03-23T17:32:18","guid":{"rendered":"https:\/\/baga-biga.eus\/produktua\/hoy-es-siempre-todavia\/"},"modified":"2025-04-18T15:40:22","modified_gmt":"2025-04-18T13:40:22","slug":"hoy-es-siempre-todavia","status":"publish","type":"product","link":"https:\/\/baga-biga.eus\/es\/producto\/hoy-es-siempre-todavia\/","title":{"rendered":"Hoy es siempre todavia CD"},"content":{"rendered":"<p>Set nos transmite en su primer disco, \u00abHoy es siempre todav\u00eda\u00bb, que los sue\u00f1os se establecen como realidades que soportamos con ternura, pasi\u00f3n, desasosiego, con nerviosismo, y casi siempre le ponemos unas notas musicales. M\u00fasica que abraza a Baco, a Epic\u00fareo. Esos placeres so\u00f1dos se transforman en sue\u00f1os placenteros junto a compromisos rockeros, en forma de canciones talladas en \u00e9bano negro, duro pero sin aristas, suavemente inquieto. Rock en l\u00e1grimas recientes, en l\u00e1grimas so\u00f1das que acaban siendo r\u00edos inciertos de agotamiento carnal. Rock a expensas del pop engullido en continuas met\u00e1foras. Rock y pop condensando vitalidad. Ritmo y placer al instante. Rock de calidad, resolutorio, con gotas de rabia y de deseo, de caudal inquieto. Rock impulsivo, de pulso tenso, tendiendo su mano a la caricia. Rock que se torna \u00e1cido y rom\u00e1ntico. Rock and roll de voz condensada, personal, redonda, acicalada y gruesa. Rock con teclados que acolchan y contornean las rudezas, vital. Rock para sue\u00f1os sudados en camiseta negra. Atractivo rock lejano de lo virtual, cercano a lo real. Set brinda un disco lleno de poes\u00eda musicada y con rastros de carm\u00edn. Rock de bucle en trazos limados, mimados en constancia. Rock sin marcha atr\u00e1s.<\/p>\n","protected":false},"excerpt":{"rendered":"<p>CD Hoy es siempre todavia de Set<\/p>\n","protected":false},"featured_media":61317,"comment_status":"open","ping_status":"closed","template":"","meta":{"_acf_changed":false,"_et_pb_use_builder":"","_et_pb_old_content":"","_et_gb_content_width":""},"product_brand":[147],"product_cat":[225],"product_tag":[264,242],"class_list":{"0":"post-8881","1":"product","2":"type-product","3":"status-publish","4":"has-post-thumbnail","6":"product_brand-set","7":"product_cat-cd-es","8":"product_tag-pop-es","9":"product_tag-rock-es","11":"first","12":"instock","13":"sale","14":"taxable","15":"shipping-taxable","16":"purchasable","17":"product-type-simple"},"acf":[],"_links":{"self":[{"href":"https:\/\/baga-biga.eus\/es\/wp-json\/wp\/v2\/product\/8881","targetHints":{"allow":["GET"]}}],"collection":[{"href":"https:\/\/baga-biga.eus\/es\/wp-json\/wp\/v2\/product"}],"about":[{"href":"https:\/\/baga-biga.eus\/es\/wp-json\/wp\/v2\/types\/product"}],"replies":[{"embeddable":true,"href":"https:\/\/baga-biga.eus\/es\/wp-json\/wp\/v2\/comments?post=8881"}],"wp:featuredmedia":[{"embeddable":true,"href":"https:\/\/baga-biga.eus\/es\/wp-json\/wp\/v2\/media\/61317"}],"wp:attachment":[{"href":"https:\/\/baga-biga.eus\/es\/wp-json\/wp\/v2\/media?parent=8881"}],"wp:term":[{"taxonomy":"product_brand","embeddable":true,"href":"https:\/\/baga-biga.eus\/es\/wp-json\/wp\/v2\/product_brand?post=8881"},{"taxonomy":"product_cat","embeddable":true,"href":"https:\/\/baga-biga.eus\/es\/wp-json\/wp\/v2\/product_cat?post=8881"},{"taxonomy":"product_tag","embeddable":true,"href":"https:\/\/baga-biga.eus\/es\/wp-json\/wp\/v2\/product_tag?post=8881"}],"curies":[{"name":"wp","href":"https:\/\/api.w.org\/{rel}","templated":true}]}}