{"id":62785,"date":"2026-02-17T14:30:33","date_gmt":"2026-02-17T13:30:33","guid":{"rendered":"https:\/\/baga-biga.eus\/produktua\/62781\/"},"modified":"2026-05-07T18:34:04","modified_gmt":"2026-05-07T16:34:04","slug":"azkenarnasa","status":"publish","type":"product","link":"https:\/\/baga-biga.eus\/es\/producto\/azkenarnasa\/","title":{"rendered":"Azken Arnasa"},"content":{"rendered":"<p class=\"cvGsUA direction-ltr align-start para-style-body\">I\u00f1aki Palacios presenta un libro de partituras que recorre su trayectoria musical y acerca el txistu a nuevos lenguajes.<br \/>\nEl m\u00fasico y compositor I\u00f1aki Palacios publica un libro de partituras que recoge una parte esencial de su recorrido art\u00edstico, desde sus ra\u00edces en el folclore de Euskal Herria hasta propuestas m\u00e1s contempor\u00e1neas donde conviven tradici\u00f3n y nuevos lenguajes sonoros.<br \/>\nEl libro incluye 35 partituras originales<span class=\"a_GcMg font-feature-liga-off font-feature-clig-off font-feature-calt-off text-decoration-none text-strikethrough-none\">, pensadas tanto para el estudio individual como para el trabajo en grupo, y dirigidas a alumnado de escuelas de m\u00fasica, conservatorios y m\u00fasicos interesados en ampliar su repertorio desde una mirada actual. Las obras incluidas forman parte de sus diferentes proyectos discogr\u00e1ficos y esc\u00e9nicos, y reflejan una forma de entender la m\u00fasica como espacio de aprendizaje, juego y evoluci\u00f3n constante.<br \/>\n<\/span>Como complemento al formato f\u00edsico, el libro incluye un USB en formato tarjeta con todas las canciones en versi\u00f3n backing track, lo que permite ensayar tocando sobre los audios y sentirse dentro de la banda.<\/p>\n","protected":false},"excerpt":{"rendered":"<p>I\u00f1aki Palacios presenta un libro de partituras que recorre su trayectoria musical y acerca el txistu a nuevos lenguajes.<\/p>\n","protected":false},"featured_media":62783,"comment_status":"open","ping_status":"closed","template":"","meta":{"_acf_changed":false,"_et_pb_use_builder":"","_et_pb_old_content":"","_et_gb_content_width":""},"product_brand":[88],"product_cat":[85],"product_tag":[],"class_list":{"0":"post-62785","1":"product","2":"type-product","3":"status-publish","4":"has-post-thumbnail","6":"product_brand-inaki-palacios","7":"product_cat-discolibro","9":"first","10":"instock","11":"taxable","12":"shipping-taxable","13":"purchasable","14":"product-type-simple"},"acf":[],"_links":{"self":[{"href":"https:\/\/baga-biga.eus\/es\/wp-json\/wp\/v2\/product\/62785","targetHints":{"allow":["GET"]}}],"collection":[{"href":"https:\/\/baga-biga.eus\/es\/wp-json\/wp\/v2\/product"}],"about":[{"href":"https:\/\/baga-biga.eus\/es\/wp-json\/wp\/v2\/types\/product"}],"replies":[{"embeddable":true,"href":"https:\/\/baga-biga.eus\/es\/wp-json\/wp\/v2\/comments?post=62785"}],"wp:featuredmedia":[{"embeddable":true,"href":"https:\/\/baga-biga.eus\/es\/wp-json\/wp\/v2\/media\/62783"}],"wp:attachment":[{"href":"https:\/\/baga-biga.eus\/es\/wp-json\/wp\/v2\/media?parent=62785"}],"wp:term":[{"taxonomy":"product_brand","embeddable":true,"href":"https:\/\/baga-biga.eus\/es\/wp-json\/wp\/v2\/product_brand?post=62785"},{"taxonomy":"product_cat","embeddable":true,"href":"https:\/\/baga-biga.eus\/es\/wp-json\/wp\/v2\/product_cat?post=62785"},{"taxonomy":"product_tag","embeddable":true,"href":"https:\/\/baga-biga.eus\/es\/wp-json\/wp\/v2\/product_tag?post=62785"}],"curies":[{"name":"wp","href":"https:\/\/api.w.org\/{rel}","templated":true}]}}