{"id":62647,"date":"2025-12-05T09:13:30","date_gmt":"2025-12-05T08:13:30","guid":{"rendered":"https:\/\/baga-biga.eus\/produktua\/konkista\/"},"modified":"2026-04-29T11:41:23","modified_gmt":"2026-04-29T09:41:23","slug":"konkista","status":"publish","type":"product","link":"https:\/\/baga-biga.eus\/es\/producto\/konkista\/","title":{"rendered":"KONKISTA"},"content":{"rendered":"<p>KONKISTA, el nuevo disco de ETS, muestra los contrastes de la vida y retrata con honestidad la ambivalencia que nos atraviesa. Nace de un periodo de caos emocional y se convierte en un viaje de emociones contrapuestas. Una invitaci\u00f3n amirarlas heridas de frente, asumirlas como parte del camino y transformarlas en conquista personal. Seg\u00fan I\u00f1igo: \u201cLas heridas son necesarias para avanzar.\u201d El \u00e1lbumtransita por rabia,tristeza, nostalgia, llanto, soledad, tentaci\u00f3n, pasi\u00f3n, celebraci\u00f3n e incertidumbre. Un retrato sincero de una vida donde los extremos conviven, chocan y, aun as\u00ed, encuentran su forma de avanzar.     <\/p>\n","protected":false},"excerpt":{"rendered":"<p>KONKISTA, el nuevo disco de ETS, muestra los contrastes de la vida y retrata con honestidad la ambivalencia que nos atraviesa. Nace de un periodo de caos emocional y se [&hellip;]<\/p>\n","protected":false},"featured_media":62015,"comment_status":"open","ping_status":"closed","template":"","meta":{"_acf_changed":false,"_et_pb_use_builder":"","_et_pb_old_content":"","_et_gb_content_width":""},"product_brand":[],"product_cat":[225],"product_tag":[264],"class_list":{"0":"post-62647","1":"product","2":"type-product","3":"status-publish","4":"has-post-thumbnail","6":"product_cat-cd-es","7":"product_tag-pop-es","9":"first","10":"instock","11":"taxable","12":"shipping-taxable","13":"purchasable","14":"product-type-simple"},"acf":[],"_links":{"self":[{"href":"https:\/\/baga-biga.eus\/es\/wp-json\/wp\/v2\/product\/62647","targetHints":{"allow":["GET"]}}],"collection":[{"href":"https:\/\/baga-biga.eus\/es\/wp-json\/wp\/v2\/product"}],"about":[{"href":"https:\/\/baga-biga.eus\/es\/wp-json\/wp\/v2\/types\/product"}],"replies":[{"embeddable":true,"href":"https:\/\/baga-biga.eus\/es\/wp-json\/wp\/v2\/comments?post=62647"}],"wp:featuredmedia":[{"embeddable":true,"href":"https:\/\/baga-biga.eus\/es\/wp-json\/wp\/v2\/media\/62015"}],"wp:attachment":[{"href":"https:\/\/baga-biga.eus\/es\/wp-json\/wp\/v2\/media?parent=62647"}],"wp:term":[{"taxonomy":"product_brand","embeddable":true,"href":"https:\/\/baga-biga.eus\/es\/wp-json\/wp\/v2\/product_brand?post=62647"},{"taxonomy":"product_cat","embeddable":true,"href":"https:\/\/baga-biga.eus\/es\/wp-json\/wp\/v2\/product_cat?post=62647"},{"taxonomy":"product_tag","embeddable":true,"href":"https:\/\/baga-biga.eus\/es\/wp-json\/wp\/v2\/product_tag?post=62647"}],"curies":[{"name":"wp","href":"https:\/\/api.w.org\/{rel}","templated":true}]}}