{"id":62632,"date":"2025-12-11T13:41:25","date_gmt":"2025-12-11T12:41:25","guid":{"rendered":"https:\/\/baga-biga.eus\/produktua\/dos-caras-un-fuego\/"},"modified":"2025-12-11T13:41:25","modified_gmt":"2025-12-11T12:41:25","slug":"dos-caras-un-fuego","status":"publish","type":"product","link":"https:\/\/baga-biga.eus\/es\/producto\/dos-caras-un-fuego\/","title":{"rendered":"DOS CARAS, UN FUEGO"},"content":{"rendered":"<p>Desde Bilbao llegan Maloa Brothers, la nueva promesa del hip-hop urbano con vocaci\u00f3n de ser disruptiva en cada escenario. Nacidos en 2023, su propuesta parte de ritmos hip-hop y se expande hacia una emocionante fusi\u00f3n con otros estilos urbanos, siempre con gran energ\u00eda. <\/p>\n<p>El tr\u00edo est\u00e1 formado por los m\u00fasicos Alain Guti\u00e9rrez, Julio Maloa y Aitor Olabarria, quienes cuentan con una s\u00f3lida trayectoria y han pasado por grupos de referencia como La Ra\u00edz, Sutan o Nativa. Cabe destacar que Julio Maloa es el cantante de La Ra\u00edz, hecho que otorga especial relevancia al proyecto y multiplica las expectativas de futuro. <\/p>\n<p>El primer \u00e1lbum de Maloa Brothers (Dos Caras, Un Fuego) es una mezcla urbana donde el hip-hop, el reggae y la fusi\u00f3n urbana se fusionan con letras en euskera, castellano, portugu\u00e9s y valenciano. Cada canci\u00f3n combina fuerza, cr\u00edtica social y poes\u00eda callejera, mostrando la autenticidad y energ\u00eda del tr\u00edo. Con colaboraciones con Panxo Zoo, Auxili y Xabi Solano, el \u00e1lbum es un intenso viaje emocional y cultural que consolida a Maloa Brothers como una de las propuestas m\u00e1s prol\u00edficas de la escena urbana.  <\/p>\n","protected":false},"excerpt":{"rendered":"<p>Desde Bilbao llegan Maloa Brothers, la nueva promesa del hip-hop urbano con vocaci\u00f3n de ser disruptiva en cada escenario. Nacidos en 2023, su propuesta parte de ritmos hip-hop y se [&hellip;]<\/p>\n","protected":false},"featured_media":61962,"comment_status":"open","ping_status":"closed","template":"","meta":{"_acf_changed":false,"_et_pb_use_builder":"","_et_pb_old_content":"","_et_gb_content_width":""},"product_brand":[],"product_cat":[230],"product_tag":[],"class_list":{"0":"post-62632","1":"product","2":"type-product","3":"status-publish","4":"has-post-thumbnail","6":"product_cat-uncategorized-eu-es-2","8":"first","9":"instock","10":"taxable","11":"shipping-taxable","12":"purchasable","13":"product-type-simple"},"acf":[],"_links":{"self":[{"href":"https:\/\/baga-biga.eus\/es\/wp-json\/wp\/v2\/product\/62632","targetHints":{"allow":["GET"]}}],"collection":[{"href":"https:\/\/baga-biga.eus\/es\/wp-json\/wp\/v2\/product"}],"about":[{"href":"https:\/\/baga-biga.eus\/es\/wp-json\/wp\/v2\/types\/product"}],"replies":[{"embeddable":true,"href":"https:\/\/baga-biga.eus\/es\/wp-json\/wp\/v2\/comments?post=62632"}],"wp:featuredmedia":[{"embeddable":true,"href":"https:\/\/baga-biga.eus\/es\/wp-json\/wp\/v2\/media\/61962"}],"wp:attachment":[{"href":"https:\/\/baga-biga.eus\/es\/wp-json\/wp\/v2\/media?parent=62632"}],"wp:term":[{"taxonomy":"product_brand","embeddable":true,"href":"https:\/\/baga-biga.eus\/es\/wp-json\/wp\/v2\/product_brand?post=62632"},{"taxonomy":"product_cat","embeddable":true,"href":"https:\/\/baga-biga.eus\/es\/wp-json\/wp\/v2\/product_cat?post=62632"},{"taxonomy":"product_tag","embeddable":true,"href":"https:\/\/baga-biga.eus\/es\/wp-json\/wp\/v2\/product_tag?post=62632"}],"curies":[{"name":"wp","href":"https:\/\/api.w.org\/{rel}","templated":true}]}}