{"id":62631,"date":"2025-12-05T18:54:48","date_gmt":"2025-12-05T17:54:48","guid":{"rendered":"https:\/\/baga-biga.eus\/produktua\/baga-biga-albumak\/"},"modified":"2026-02-27T17:19:55","modified_gmt":"2026-02-27T16:19:55","slug":"baga-biga-albumak","status":"publish","type":"product","link":"https:\/\/baga-biga.eus\/es\/producto\/baga-biga-albumak\/","title":{"rendered":"\u00c1LBUMES DE BAGA BIGA"},"content":{"rendered":"<p><span class=\"a_GcMg font-feature-liga-off font-feature-clig-off font-feature-calt-off text-decoration-none text-strikethrough-none\">Una caja especial de 6 discos que incluye un c\u00f3digo QR para acceder a varias listas de reproducci\u00f3n con canciones de todos los \u00e1lbumes lanzados en la historia del sello.<\/span><\/p>\n","protected":false},"excerpt":{"rendered":"<p>Una caja especial de 6 discos que incluye un c\u00f3digo QR para acceder a varias listas de reproducci\u00f3n con canciones de todos los \u00e1lbumes lanzados en la historia del sello.<\/p>\n","protected":false},"featured_media":62126,"comment_status":"open","ping_status":"closed","template":"","meta":{"_acf_changed":false,"_et_pb_use_builder":"","_et_pb_old_content":"","_et_gb_content_width":""},"product_brand":[],"product_cat":[65],"product_tag":[],"class_list":{"0":"post-62631","1":"product","2":"type-product","3":"status-publish","4":"has-post-thumbnail","6":"product_cat-sin-categoria","8":"first","9":"instock","10":"taxable","11":"shipping-taxable","12":"purchasable","13":"product-type-simple"},"acf":[],"_links":{"self":[{"href":"https:\/\/baga-biga.eus\/es\/wp-json\/wp\/v2\/product\/62631","targetHints":{"allow":["GET"]}}],"collection":[{"href":"https:\/\/baga-biga.eus\/es\/wp-json\/wp\/v2\/product"}],"about":[{"href":"https:\/\/baga-biga.eus\/es\/wp-json\/wp\/v2\/types\/product"}],"replies":[{"embeddable":true,"href":"https:\/\/baga-biga.eus\/es\/wp-json\/wp\/v2\/comments?post=62631"}],"wp:featuredmedia":[{"embeddable":true,"href":"https:\/\/baga-biga.eus\/es\/wp-json\/wp\/v2\/media\/62126"}],"wp:attachment":[{"href":"https:\/\/baga-biga.eus\/es\/wp-json\/wp\/v2\/media?parent=62631"}],"wp:term":[{"taxonomy":"product_brand","embeddable":true,"href":"https:\/\/baga-biga.eus\/es\/wp-json\/wp\/v2\/product_brand?post=62631"},{"taxonomy":"product_cat","embeddable":true,"href":"https:\/\/baga-biga.eus\/es\/wp-json\/wp\/v2\/product_cat?post=62631"},{"taxonomy":"product_tag","embeddable":true,"href":"https:\/\/baga-biga.eus\/es\/wp-json\/wp\/v2\/product_tag?post=62631"}],"curies":[{"name":"wp","href":"https:\/\/api.w.org\/{rel}","templated":true}]}}