{"id":62630,"date":"2025-12-17T09:56:35","date_gmt":"2025-12-17T08:56:35","guid":{"rendered":"https:\/\/baga-biga.eus\/produktua\/eklore\/"},"modified":"2026-01-19T09:09:23","modified_gmt":"2026-01-19T08:09:23","slug":"eklore","status":"publish","type":"product","link":"https:\/\/baga-biga.eus\/es\/producto\/eklore\/","title":{"rendered":"EKLORE"},"content":{"rendered":"<p>Su primer \u00e1lbum, \u201cEKLORE\u201d, naci\u00f3 de la necesidad de abrirse y entregarse como una flor, abriendo sus p\u00e9talos por primera vez. As\u00ed es como convierte sus emociones secretas en melod\u00edas. Combina temas personales y universales: revelar la desigualdad, la libertad, la sensibilidad, el duelo, los recuerdos&#8230; Expresando autenticidad en cada canci\u00f3n<\/p>\n","protected":false},"excerpt":{"rendered":"<p>Su primer \u00e1lbum, \u201cEKLORE\u201d, naci\u00f3 de la necesidad de abrirse y entregarse como una flor, abriendo sus p\u00e9talos por primera vez. As\u00ed es como convierte sus emociones secretas en melod\u00edas. [&hellip;]<\/p>\n","protected":false},"featured_media":62520,"comment_status":"open","ping_status":"closed","template":"","meta":{"_acf_changed":false,"_et_pb_use_builder":"","_et_pb_old_content":"","_et_gb_content_width":""},"product_brand":[],"product_cat":[225],"product_tag":[],"class_list":{"0":"post-62630","1":"product","2":"type-product","3":"status-publish","4":"has-post-thumbnail","6":"product_cat-cd-es","8":"first","9":"instock","10":"taxable","11":"shipping-taxable","12":"purchasable","13":"product-type-simple"},"acf":[],"_links":{"self":[{"href":"https:\/\/baga-biga.eus\/es\/wp-json\/wp\/v2\/product\/62630","targetHints":{"allow":["GET"]}}],"collection":[{"href":"https:\/\/baga-biga.eus\/es\/wp-json\/wp\/v2\/product"}],"about":[{"href":"https:\/\/baga-biga.eus\/es\/wp-json\/wp\/v2\/types\/product"}],"replies":[{"embeddable":true,"href":"https:\/\/baga-biga.eus\/es\/wp-json\/wp\/v2\/comments?post=62630"}],"wp:featuredmedia":[{"embeddable":true,"href":"https:\/\/baga-biga.eus\/es\/wp-json\/wp\/v2\/media\/62520"}],"wp:attachment":[{"href":"https:\/\/baga-biga.eus\/es\/wp-json\/wp\/v2\/media?parent=62630"}],"wp:term":[{"taxonomy":"product_brand","embeddable":true,"href":"https:\/\/baga-biga.eus\/es\/wp-json\/wp\/v2\/product_brand?post=62630"},{"taxonomy":"product_cat","embeddable":true,"href":"https:\/\/baga-biga.eus\/es\/wp-json\/wp\/v2\/product_cat?post=62630"},{"taxonomy":"product_tag","embeddable":true,"href":"https:\/\/baga-biga.eus\/es\/wp-json\/wp\/v2\/product_tag?post=62630"}],"curies":[{"name":"wp","href":"https:\/\/api.w.org\/{rel}","templated":true}]}}