{"id":61894,"date":"2025-10-24T09:43:33","date_gmt":"2025-10-24T07:43:33","guid":{"rendered":"https:\/\/baga-biga.eus\/?post_type=product&#038;p=61894"},"modified":"2026-01-02T20:08:18","modified_gmt":"2026-01-02T19:08:18","slug":"la-calor-del-norte","status":"publish","type":"product","link":"https:\/\/baga-biga.eus\/es\/producto\/la-calor-del-norte\/","title":{"rendered":"La Calor del Norte"},"content":{"rendered":"<p>La Calor del Norte es un viaje sonoro del sur al norte, fusionando Andaluc\u00eda y Euskal Herria en letras, ritmos y emociones. El disco combina flamenco, trap, m\u00fasica urbana y sonidos euskaldunes, explorando historias de barrio, pasi\u00f3n y memoria, con producciones de LaJoyer\u00eda, Chickjuarez y Malakias, y colaboraciones con Ben Yart, Dellachaouen, Tatta o Mutiko.<\/p>\n<p>Vazkez es uno de los nombres m\u00e1s prometedores de la escena urbana vasca. Criado entre el asfalto y la r\u00eda, su m\u00fasica es una mezcla magn\u00e9tica de ra\u00edz y calle, memoria y presente. En sus canciones conviven el cante andaluz y la melancol\u00eda del norte, la crudeza del beat y la dulzura del recuerdo.<\/p>\n","protected":false},"excerpt":{"rendered":"<p>CD Vazkez La Calor del Norte<\/p>\n","protected":false},"featured_media":61893,"comment_status":"open","ping_status":"closed","template":"","meta":{"_acf_changed":false,"_et_pb_use_builder":"","_et_pb_old_content":"","_et_gb_content_width":""},"product_brand":[],"product_cat":[225],"product_tag":[267],"class_list":{"0":"post-61894","1":"product","2":"type-product","3":"status-publish","4":"has-post-thumbnail","6":"product_cat-cd-es","7":"product_tag-rap-es","9":"first","10":"instock","11":"taxable","12":"shipping-taxable","13":"purchasable","14":"product-type-simple"},"acf":[],"_links":{"self":[{"href":"https:\/\/baga-biga.eus\/es\/wp-json\/wp\/v2\/product\/61894","targetHints":{"allow":["GET"]}}],"collection":[{"href":"https:\/\/baga-biga.eus\/es\/wp-json\/wp\/v2\/product"}],"about":[{"href":"https:\/\/baga-biga.eus\/es\/wp-json\/wp\/v2\/types\/product"}],"replies":[{"embeddable":true,"href":"https:\/\/baga-biga.eus\/es\/wp-json\/wp\/v2\/comments?post=61894"}],"wp:featuredmedia":[{"embeddable":true,"href":"https:\/\/baga-biga.eus\/es\/wp-json\/wp\/v2\/media\/61893"}],"wp:attachment":[{"href":"https:\/\/baga-biga.eus\/es\/wp-json\/wp\/v2\/media?parent=61894"}],"wp:term":[{"taxonomy":"product_brand","embeddable":true,"href":"https:\/\/baga-biga.eus\/es\/wp-json\/wp\/v2\/product_brand?post=61894"},{"taxonomy":"product_cat","embeddable":true,"href":"https:\/\/baga-biga.eus\/es\/wp-json\/wp\/v2\/product_cat?post=61894"},{"taxonomy":"product_tag","embeddable":true,"href":"https:\/\/baga-biga.eus\/es\/wp-json\/wp\/v2\/product_tag?post=61894"}],"curies":[{"name":"wp","href":"https:\/\/api.w.org\/{rel}","templated":true}]}}