{"id":58867,"date":"2025-03-31T20:22:20","date_gmt":"2025-03-31T18:22:20","guid":{"rendered":"https:\/\/baga-biga.eus\/produktua\/mundo-sin-corazon-cd\/"},"modified":"2025-03-31T20:22:20","modified_gmt":"2025-03-31T18:22:20","slug":"mundo-sin-corazon-cd","status":"publish","type":"product","link":"https:\/\/baga-biga.eus\/es\/producto\/mundo-sin-corazon-cd\/","title":{"rendered":"Mundo sin corazon CD"},"content":{"rendered":"<p>A menudo escuchamos la existencia de poetas urbanos, poetas que miran las idas y venidas de la gente en cualquier esquina de una calle, mezclando en sus poes\u00edas las miserias y alegr\u00edas sin buscar respuestas, peque\u00f1as cr\u00f3nicas de la realidad que env\u00edan a nuestros o\u00eddos. As\u00ed es la m\u00fasica de LINEA 2, descripciones de un mundo sin coraz\u00f3n de cuatro j\u00f3venes poetas de Basauri. La m\u00fasica es la vida de este grupo y as\u00ed se refleja tambi\u00e9n en este ultimo trabajo, sus guitarras y gargantas son las mejores armas elegidas para hacer una dura cr\u00edtica a los problemas de la calle, ofreci\u00e9ndonos una recopilaci\u00f3n de diez canciones bajo la sombra del rock&amp;roll de siempre.  <\/p>\n","protected":false},"excerpt":{"rendered":"<p>Linea2 Mundo sin corazon CD<\/p>\n","protected":false},"featured_media":61308,"comment_status":"open","ping_status":"closed","template":"","meta":{"_acf_changed":false,"_et_pb_use_builder":"","_et_pb_old_content":"","_et_gb_content_width":""},"product_brand":[116],"product_cat":[225],"product_tag":[242],"class_list":{"0":"post-58867","1":"product","2":"type-product","3":"status-publish","4":"has-post-thumbnail","6":"product_brand-linea-2","7":"product_cat-cd-es","8":"product_tag-rock-es","10":"first","11":"instock","12":"sale","13":"taxable","14":"shipping-taxable","15":"purchasable","16":"product-type-simple"},"acf":[],"_links":{"self":[{"href":"https:\/\/baga-biga.eus\/es\/wp-json\/wp\/v2\/product\/58867","targetHints":{"allow":["GET"]}}],"collection":[{"href":"https:\/\/baga-biga.eus\/es\/wp-json\/wp\/v2\/product"}],"about":[{"href":"https:\/\/baga-biga.eus\/es\/wp-json\/wp\/v2\/types\/product"}],"replies":[{"embeddable":true,"href":"https:\/\/baga-biga.eus\/es\/wp-json\/wp\/v2\/comments?post=58867"}],"wp:featuredmedia":[{"embeddable":true,"href":"https:\/\/baga-biga.eus\/es\/wp-json\/wp\/v2\/media\/61308"}],"wp:attachment":[{"href":"https:\/\/baga-biga.eus\/es\/wp-json\/wp\/v2\/media?parent=58867"}],"wp:term":[{"taxonomy":"product_brand","embeddable":true,"href":"https:\/\/baga-biga.eus\/es\/wp-json\/wp\/v2\/product_brand?post=58867"},{"taxonomy":"product_cat","embeddable":true,"href":"https:\/\/baga-biga.eus\/es\/wp-json\/wp\/v2\/product_cat?post=58867"},{"taxonomy":"product_tag","embeddable":true,"href":"https:\/\/baga-biga.eus\/es\/wp-json\/wp\/v2\/product_tag?post=58867"}],"curies":[{"name":"wp","href":"https:\/\/api.w.org\/{rel}","templated":true}]}}