{"id":45666,"date":"2025-03-31T19:21:57","date_gmt":"2025-03-31T17:21:57","guid":{"rendered":"https:\/\/baga-biga.eus\/produktua\/atzo-gaur-cd-x-2\/"},"modified":"2025-04-18T15:40:02","modified_gmt":"2025-04-18T13:40:02","slug":"atzo-gaur-cd-x-2","status":"publish","type":"product","link":"https:\/\/baga-biga.eus\/es\/producto\/atzo-gaur-cd-x-2\/","title":{"rendered":"Atzo \/ Gaur CD X 2"},"content":{"rendered":"<p>El tercer disco de Modus Operandi ha unido pasado y presente para mostrar al oyente el aspecto musical que tendr\u00e1 el grupo en el futuro. Su objetivo es rendir homenaje a la m\u00fasica vasca con las cinco canciones que contiene su disco \u00abAtzo\u00bb. Se han elegido a conciencia cinco grupos, pero rinde un homenaje global. MO piensa en abierto, se ha tomado como si fuera una jornada de puertas abiertas. MO ha realizado una revisi\u00f3n de la m\u00fasica de Euskal Herria. No s\u00f3lo ha versionado, sino que se ha atrevido a hacer adaptaciones abiertas. El grupo ha cosido sin complejos la textura musical que tendr\u00e1 en un futuro breve. El disco \u00abGaur\u00bb trae un nuevo Modus Operandi, aunque en alguna de las canciones hay alg\u00fan rayo de los dos discos anteriores. El grupo ha ganado mucho desde el segundo disco. MO tiene una nueva forma de producir canciones. Josu Erviti es el responsable de la producci\u00f3n, es el t\u00e9cnico y el bater\u00eda.<\/p>\n","protected":false},"excerpt":{"rendered":"<p>CD Atzo \/ Gaur de Modus Operandi<\/p>\n","protected":false},"featured_media":906,"comment_status":"open","ping_status":"closed","template":"","meta":{"_acf_changed":false,"_et_pb_use_builder":"","_et_pb_old_content":"","_et_gb_content_width":""},"product_brand":[66],"product_cat":[225],"product_tag":[264,242],"class_list":{"0":"post-45666","1":"product","2":"type-product","3":"status-publish","4":"has-post-thumbnail","6":"product_brand-modus-operandi","7":"product_cat-cd-es","8":"product_tag-pop-es","9":"product_tag-rock-es","11":"first","12":"instock","13":"taxable","14":"shipping-taxable","15":"purchasable","16":"product-type-simple"},"acf":[],"_links":{"self":[{"href":"https:\/\/baga-biga.eus\/es\/wp-json\/wp\/v2\/product\/45666","targetHints":{"allow":["GET"]}}],"collection":[{"href":"https:\/\/baga-biga.eus\/es\/wp-json\/wp\/v2\/product"}],"about":[{"href":"https:\/\/baga-biga.eus\/es\/wp-json\/wp\/v2\/types\/product"}],"replies":[{"embeddable":true,"href":"https:\/\/baga-biga.eus\/es\/wp-json\/wp\/v2\/comments?post=45666"}],"wp:featuredmedia":[{"embeddable":true,"href":"https:\/\/baga-biga.eus\/es\/wp-json\/wp\/v2\/media\/906"}],"wp:attachment":[{"href":"https:\/\/baga-biga.eus\/es\/wp-json\/wp\/v2\/media?parent=45666"}],"wp:term":[{"taxonomy":"product_brand","embeddable":true,"href":"https:\/\/baga-biga.eus\/es\/wp-json\/wp\/v2\/product_brand?post=45666"},{"taxonomy":"product_cat","embeddable":true,"href":"https:\/\/baga-biga.eus\/es\/wp-json\/wp\/v2\/product_cat?post=45666"},{"taxonomy":"product_tag","embeddable":true,"href":"https:\/\/baga-biga.eus\/es\/wp-json\/wp\/v2\/product_tag?post=45666"}],"curies":[{"name":"wp","href":"https:\/\/api.w.org\/{rel}","templated":true}]}}