{"id":45664,"date":"2025-03-31T19:11:09","date_gmt":"2025-03-31T17:11:09","guid":{"rendered":"https:\/\/baga-biga.eus\/produktua\/4-cd\/"},"modified":"2025-04-18T15:39:56","modified_gmt":"2025-04-18T13:39:56","slug":"4-cd","status":"publish","type":"product","link":"https:\/\/baga-biga.eus\/es\/producto\/4-cd\/","title":{"rendered":"4 CD"},"content":{"rendered":"<p>SeiUrte completa un quinto disco repleto de canciones que llegan con fuerza al oyente, con rapidez. Son canciones muy accesibles que se entienden r\u00e1pidamente y que se escuchan con sencillez. El disco se compone de canciones que llegan sin dificultad al gran p\u00fablico. \u00bfEs esto malo? \u00bfEs esto bueno? No son m\u00e1s que canciones que denotan a la legua su personalidad. Rock and roll en su estado m\u00e1s popero, sin p\u00e9rdida alguna de energ\u00eda. Los temas tienen fragmentos diferentes pero siempre guiados por la explosi\u00f3n de la melod\u00eda. Las canciones de SeiUrte son vigorosas, emocionantes y c\u00e1lidas, de coraz\u00f3n ardiente. SeiUrte trabaja el lado m\u00e1s en\u00e9rgico, robusto y eficaz del pop.<\/p>\n","protected":false},"excerpt":{"rendered":"<p>CD 4 de SeiUrte<\/p>\n","protected":false},"featured_media":61312,"comment_status":"open","ping_status":"closed","template":"","meta":{"_acf_changed":false,"_et_pb_use_builder":"","_et_pb_old_content":"","_et_gb_content_width":""},"product_brand":[98],"product_cat":[225],"product_tag":[264,242],"class_list":{"0":"post-45664","1":"product","2":"type-product","3":"status-publish","4":"has-post-thumbnail","6":"product_brand-seiurte","7":"product_cat-cd-es","8":"product_tag-pop-es","9":"product_tag-rock-es","11":"first","12":"instock","13":"sale","14":"taxable","15":"shipping-taxable","16":"purchasable","17":"product-type-simple"},"acf":[],"_links":{"self":[{"href":"https:\/\/baga-biga.eus\/es\/wp-json\/wp\/v2\/product\/45664","targetHints":{"allow":["GET"]}}],"collection":[{"href":"https:\/\/baga-biga.eus\/es\/wp-json\/wp\/v2\/product"}],"about":[{"href":"https:\/\/baga-biga.eus\/es\/wp-json\/wp\/v2\/types\/product"}],"replies":[{"embeddable":true,"href":"https:\/\/baga-biga.eus\/es\/wp-json\/wp\/v2\/comments?post=45664"}],"wp:featuredmedia":[{"embeddable":true,"href":"https:\/\/baga-biga.eus\/es\/wp-json\/wp\/v2\/media\/61312"}],"wp:attachment":[{"href":"https:\/\/baga-biga.eus\/es\/wp-json\/wp\/v2\/media?parent=45664"}],"wp:term":[{"taxonomy":"product_brand","embeddable":true,"href":"https:\/\/baga-biga.eus\/es\/wp-json\/wp\/v2\/product_brand?post=45664"},{"taxonomy":"product_cat","embeddable":true,"href":"https:\/\/baga-biga.eus\/es\/wp-json\/wp\/v2\/product_cat?post=45664"},{"taxonomy":"product_tag","embeddable":true,"href":"https:\/\/baga-biga.eus\/es\/wp-json\/wp\/v2\/product_tag?post=45664"}],"curies":[{"name":"wp","href":"https:\/\/api.w.org\/{rel}","templated":true}]}}